{"id":821,"date":"2020-05-25T22:36:00","date_gmt":"2020-05-25T20:36:00","guid":{"rendered":"http:\/\/www.kriesi.at\/themes\/enfold\/?page_id=821"},"modified":"2020-07-08T16:31:53","modified_gmt":"2020-07-08T14:31:53","slug":"complementaire-sante","status":"publish","type":"page","link":"https:\/\/bcc-seguros.pt\/index.php\/fr\/complementaire-sante\/","title":{"rendered":"Compl\u00e9mentaire sant\u00e9"},"content":{"rendered":"<div id='full_slider_1'  class='avia-fullwidth-slider main_color avia-shadow   avia-builder-el-0  el_before_av_hr  avia-builder-el-first   container_wrap fullsize' style=' '  ><div   data-size='large'  data-lightbox_size='large'  data-animation='slide'  data-conditional_play=''  data-ids='3859'  data-video_counter='0'  data-autoplay='false'  data-bg_slider='false'  data-slide_height=''  data-handle='av_slideshow_full'  data-interval='5'  data-class=' '  data-el_id=''  data-css_id=''  data-scroll_down=''  data-control_layout='av-control-default'  data-custom_markup=''  data-perma_caption=''  data-autoplay_stopper=''  data-image_attachment=''  data-min_height='0px'  data-src=''  data-position='top left'  data-repeat='no-repeat'  data-attach='scroll'  data-stretch=''  class='avia-slideshow avia-slideshow-1  av-control-default av-default-height-applied avia-slideshow-large av_slideshow_full   avia-slide-slider '  itemprop=\"image\" itemscope=\"itemscope\" itemtype=\"https:\/\/schema.org\/ImageObject\" ><ul class='avia-slideshow-inner ' style='padding-bottom: 59.320388349515%;' ><li  class=' av-single-slide slide-1 ' ><div data-rel='slideshow-1' class='avia-slide-wrap '   ><div class = \"caption_fullwidth av-slideshow-caption caption_left\"><div class = \"container caption_container\"><div class = \"slideshow_caption\"><div class = \"slideshow_inner_caption\"><div class = \"slideshow_align_caption\"><h2  class='avia-caption-title  '  itemprop=\"name\" >Compl\u00e9mentaire sant\u00e9<\/h2><\/div><\/div><\/div><\/div><\/div><img src='https:\/\/bcc-seguros.pt\/wp-content\/uploads\/2020\/07\/AdobeStock_335669306-1030x611.jpeg' width='1030' height='611' title='Pleased young woman in headphones listening to music while relaxing on sofa at home' alt=''  itemprop=\"thumbnailUrl\"   \/><\/div><\/li><\/ul><\/div><\/div><div id='after_full_slider_1'  class='main_color av_default_container_wrap container_wrap fullsize' style=' '  ><div class='container' ><div class='template-page content  av-content-full alpha units'><div class='post-entry post-entry-type-page post-entry-821'><div class='entry-content-wrapper clearfix'>\n<div  style='height:200px' class='hr hr-invisible   avia-builder-el-1  el_after_av_slideshow_full  el_before_av_one_full  avia-builder-el-first '><span class='hr-inner ' ><span class='hr-inner-style'><\/span><\/span><\/div>\n<div class=\"flex_column av_one_full  flex_column_div first  avia-builder-el-2  el_after_av_hr  el_before_av_hr  \" ><section class=\"av_textblock_section \"  itemscope=\"itemscope\" itemtype=\"https:\/\/schema.org\/CreativeWork\" ><div class='avia_textblock  '   itemprop=\"text\" ><h2 style=\"text-align: center;\">Compl\u00e9mentaire sant\u00e9<\/h2>\n<\/div><\/section><br \/>\n<div   class='hr hr-short hr-right   avia-builder-el-4  el_after_av_textblock  el_before_av_textblock '><span class='hr-inner ' ><span class='hr-inner-style'><\/span><\/span><\/div><br \/>\n<section class=\"av_textblock_section \"  itemscope=\"itemscope\" itemtype=\"https:\/\/schema.org\/CreativeWork\" ><div class='avia_textblock  '   itemprop=\"text\" ><p style=\"text-align: center;\">La sant\u00e9 nous concerne tous, BCC Portugal a la volont\u00e9 de vous apporter une compl\u00e9mentaire sant\u00e9 qui r\u00e9ponde efficacement \u00e0 vos besoins en fonction de votre situation (retrait\u00e9s, actifs, RNH, non-r\u00e9sidents,\u2026).<\/p>\n<p style=\"text-align: center;\">BCC Portugal vous propose des formules adapt\u00e9es pour mieux optimiser vos d\u00e9penses de sant\u00e9.<\/p>\n<\/div><\/section><\/p><\/div>\n<div  style='height:200px' class='hr hr-invisible   avia-builder-el-6  el_after_av_one_full  el_before_av_one_full '><span class='hr-inner ' ><span class='hr-inner-style'><\/span><\/span><\/div>\n<div class=\"flex_column av_one_full  flex_column_div first  avia-builder-el-7  el_after_av_hr  el_before_av_one_half  \" ><section class=\"av_textblock_section \"  itemscope=\"itemscope\" itemtype=\"https:\/\/schema.org\/CreativeWork\" ><div class='avia_textblock  '   itemprop=\"text\" ><h4 style=\"text-align: center;\"><strong>D\u00e9couvrez nos formules<\/strong><\/h4>\n<\/div><\/section><\/div>\n<div class=\"flex_column av_one_half  flex_column_div av-zero-column-padding first  avia-builder-el-9  el_after_av_one_full  el_before_av_one_half  column-top-margin\" style='border-radius:0px; '><div  class='avia-image-container  av-styling-    avia-builder-el-10  avia-builder-el-no-sibling  avia-align-center '  itemprop=\"image\" itemscope=\"itemscope\" itemtype=\"https:\/\/schema.org\/ImageObject\"  ><div class='avia-image-container-inner'><div class='avia-image-overlay-wrap'><a href='https:\/\/bcc-seguros.pt\/index.php\/fr\/one\/' class='avia_image'  ><img class='avia_image ' src='https:\/\/bcc-seguros.pt\/wp-content\/uploads\/2020\/06\/COMPSANT2-1030x634.png' alt='' title='COMPSANT2'  itemprop=\"thumbnailUrl\"  \/><\/a><\/div><\/div><\/div><\/div>\n<div class=\"flex_column av_one_half  flex_column_div av-zero-column-padding   avia-builder-el-11  el_after_av_one_half  el_before_av_hr  column-top-margin\" style='border-radius:0px; '><div  class='avia-image-container  av-styling-    avia-builder-el-12  avia-builder-el-no-sibling  avia-align-center '  itemprop=\"image\" itemscope=\"itemscope\" itemtype=\"https:\/\/schema.org\/ImageObject\"  ><div class='avia-image-container-inner'><div class='avia-image-overlay-wrap'><a href='https:\/\/bcc-seguros.pt\/index.php\/fr\/complementaire-sante-globe\/' class='avia_image'  ><img class='avia_image ' src='https:\/\/bcc-seguros.pt\/wp-content\/uploads\/2020\/06\/COMPSANT3-1030x634.png' alt='' title='COMPSANT3'  itemprop=\"thumbnailUrl\"  \/><\/a><\/div><\/div><\/div><\/div>\n<div  style='height:200px' class='hr hr-invisible   avia-builder-el-13  el_after_av_one_half  el_before_av_one_half '><span class='hr-inner ' ><span class='hr-inner-style'><\/span><\/span><\/div>\n<div class=\"flex_column av_one_half  flex_column_div first  avia-builder-el-14  el_after_av_hr  el_before_av_one_half  \" ><section class=\"av_textblock_section \"  itemscope=\"itemscope\" itemtype=\"https:\/\/schema.org\/CreativeWork\" ><div class='avia_textblock  '   itemprop=\"text\" ><h4>POUR ALLEZ PLUS LOIN<\/h4>\n<\/div><\/section><br \/>\n<div  style='height:20px' class='hr hr-invisible   avia-builder-el-16  el_after_av_textblock  el_before_av_textblock '><span class='hr-inner ' ><span class='hr-inner-style'><\/span><\/span><\/div><br \/>\n<section class=\"av_textblock_section \"  itemscope=\"itemscope\" itemtype=\"https:\/\/schema.org\/CreativeWork\" ><div class='avia_textblock  av_inherit_color '  style='color:#565656; '  itemprop=\"text\" ><ul>\n<li>\n<h5><strong>Pourquoi souscrire une compl\u00e9mentaire sant\u00e9\u00a0?<\/strong><\/h5>\n<\/li>\n<\/ul>\n<p>Choisir de souscrire \u00e0 une assurance commentaire sant\u00e9, c\u2019est s\u2019assurer qu\u2019une une partie ou la totalit\u00e9 de vos frais de sant\u00e9 soit pris en charges par votre assureur en fonction des garanties que vous avez choisi.<\/p>\n<ul>\n<li>\n<h5><strong>Comment r\u00e9silier mon contrat d\u2019assurance actuel\u00a0?<\/strong><\/h5>\n<\/li>\n<\/ul>\n<p>BCC vous aide \u00e0 r\u00e9silier votre compl\u00e9mentaire sant\u00e9 actuelle. Nos conseillers vous apportent tous les conseils n\u00e9cessaires \u00e0 la r\u00e9siliation de votre ancienne compl\u00e9mentaire et \u00e0 la souscription d\u2019une nouvelle assurance BCC.<\/p>\n<ul>\n<li>\n<h5><strong>Combien co\u00fbte une compl\u00e9mentaire sant\u00e9\u00a0?<\/strong><\/h5>\n<\/li>\n<\/ul>\n<p>Le co\u00fbt d\u2019une compl\u00e9mentaire sant\u00e9 d\u00e9pend des formules de garanties de vous choisissez, et de votre situation personnelle. Afin de vous accompagner dans le choix de la meilleure formule, nos conseillers vous guide pour comparer les diff\u00e9rentes garanties.<\/p>\n<\/div><\/section><\/p><\/div><div class=\"flex_column av_one_half  flex_column_div   avia-builder-el-18  el_after_av_one_half  el_before_av_hr  \" ><div  class='avia-image-container avia_animated_image avia_animate_when_almost_visible left-to-right av-styling-    avia-builder-el-19  avia-builder-el-no-sibling  avia-align-center '  itemprop=\"image\" itemscope=\"itemscope\" itemtype=\"https:\/\/schema.org\/ImageObject\"  ><div class='avia-image-container-inner'><div class='avia-image-overlay-wrap'><img class='avia_image' src='https:\/\/bcc-seguros.pt\/wp-content\/uploads\/2020\/07\/Francais-economise-environ-80-milliards-deuros-supplementaires-durant-confinement_0_1398_551.jpg' alt='' title='Francais-economise-environ-80-milliards-deuros-supplementaires-durant-confinement_0_1398_551' height=\"544\" width=\"544\"  itemprop=\"thumbnailUrl\"  \/><\/div><\/div><\/div><\/div><\/p>\n<div  style='height:200px' class='hr hr-invisible   avia-builder-el-20  el_after_av_one_half  avia-builder-el-last '><span class='hr-inner ' ><span class='hr-inner-style'><\/span><\/span><\/div>\n","protected":false},"excerpt":{"rendered":"","protected":false},"author":2,"featured_media":0,"parent":0,"menu_order":0,"comment_status":"open","ping_status":"open","template":"","meta":{"_monsterinsights_skip_tracking":false,"_monsterinsights_sitenote_active":false,"_monsterinsights_sitenote_note":"","_monsterinsights_sitenote_category":0},"_links":{"self":[{"href":"https:\/\/bcc-seguros.pt\/index.php\/wp-json\/wp\/v2\/pages\/821"}],"collection":[{"href":"https:\/\/bcc-seguros.pt\/index.php\/wp-json\/wp\/v2\/pages"}],"about":[{"href":"https:\/\/bcc-seguros.pt\/index.php\/wp-json\/wp\/v2\/types\/page"}],"author":[{"embeddable":true,"href":"https:\/\/bcc-seguros.pt\/index.php\/wp-json\/wp\/v2\/users\/2"}],"replies":[{"embeddable":true,"href":"https:\/\/bcc-seguros.pt\/index.php\/wp-json\/wp\/v2\/comments?post=821"}],"version-history":[{"count":28,"href":"https:\/\/bcc-seguros.pt\/index.php\/wp-json\/wp\/v2\/pages\/821\/revisions"}],"predecessor-version":[{"id":3863,"href":"https:\/\/bcc-seguros.pt\/index.php\/wp-json\/wp\/v2\/pages\/821\/revisions\/3863"}],"wp:attachment":[{"href":"https:\/\/bcc-seguros.pt\/index.php\/wp-json\/wp\/v2\/media?parent=821"}],"curies":[{"name":"wp","href":"https:\/\/api.w.org\/{rel}","templated":true}]}}