{"id":3793,"date":"2020-07-03T18:01:59","date_gmt":"2020-07-03T16:01:59","guid":{"rendered":"http:\/\/bcc-seguros.pt\/?page_id=3793"},"modified":"2020-07-08T16:41:36","modified_gmt":"2020-07-08T14:41:36","slug":"assurance-pro","status":"publish","type":"page","link":"https:\/\/bcc-seguros.pt\/index.php\/fr\/assurance-pro\/","title":{"rendered":"ASSURANCE PRO"},"content":{"rendered":"<div id='full_slider_1'  class='avia-fullwidth-slider main_color avia-shadow   avia-builder-el-0  el_before_av_three_fifth  avia-builder-el-first   container_wrap fullsize' style=' '  ><div   data-size='featured'  data-lightbox_size='large'  data-animation='slide'  data-conditional_play=''  data-ids='3797'  data-video_counter='0'  data-autoplay='false'  data-bg_slider='false'  data-slide_height=''  data-handle='av_slideshow_full'  data-interval='5'  data-class=' '  data-el_id=''  data-css_id=''  data-scroll_down=''  data-control_layout='av-control-default'  data-custom_markup=''  data-perma_caption=''  data-autoplay_stopper=''  data-image_attachment=''  data-min_height='0px'  data-src=''  data-position='top left'  data-repeat='no-repeat'  data-attach='scroll'  data-stretch=''  data-default-height='28.666666666667'  class='avia-slideshow avia-slideshow-1  av-control-default av-default-height-applied avia-slideshow-featured av_slideshow_full   avia-slide-slider '  itemprop=\"image\" itemscope=\"itemscope\" itemtype=\"https:\/\/schema.org\/ImageObject\" ><ul class='avia-slideshow-inner ' style='padding-bottom: 33.333333333333%;' ><li  class=' av-single-slide slide-1 ' ><div data-rel='slideshow-1' class='avia-slide-wrap '   ><div class = \"caption_fullwidth av-slideshow-caption caption_bottom\"><div class = \"container caption_container\"><div class = \"slideshow_caption\"><div class = \"slideshow_inner_caption\"><div class = \"slideshow_align_caption\"><h2  style='color:#000000; ' class='avia-caption-title  '  itemprop=\"name\" >ASSURANCE PROFESSIONNELLE<\/h2><\/div><\/div><\/div><\/div><\/div><img src='https:\/\/bcc-seguros.pt\/wp-content\/uploads\/2020\/07\/ausbildung-qualitaet.jpg' width='1140' height='380' title='ausbildung-qualitaet' alt=''  itemprop=\"thumbnailUrl\"   \/><\/div><\/li><\/ul><\/div><\/div><div id='after_full_slider_1'  class='main_color av_default_container_wrap container_wrap fullsize' style=' '  ><div class='container' ><div class='template-page content  av-content-full alpha units'><div class='post-entry post-entry-type-page post-entry-3793'><div class='entry-content-wrapper clearfix'>\n<div class=\"flex_column av_three_fifth  flex_column_div first  avia-builder-el-1  el_after_av_slideshow_full  el_before_av_two_fifth  avia-builder-el-first  \" ><section class=\"av_textblock_section \"  itemscope=\"itemscope\" itemtype=\"https:\/\/schema.org\/CreativeWork\" ><div class='avia_textblock  '   itemprop=\"text\" ><p class=\"p1\">Nous disposons d\u2019un ensemble de <strong>formules sp\u00e9cialement d\u00e9di\u00e9 aux professionnels<\/strong>.<br \/>\n<strong>Rapide et simple<\/strong>, nos contrats vous permettent de consacrer votre temps \u00e0 votre savoir-faire sans vous souciez du reste.<\/p>\n<\/div><\/section><br \/>\n<section class=\"av_textblock_section \"  itemscope=\"itemscope\" itemtype=\"https:\/\/schema.org\/CreativeWork\" ><div class='avia_textblock  '   itemprop=\"text\" ><h3 class=\"p1\"><strong>Les Avantages :<\/strong><\/h3>\n<\/div><\/section><br \/>\n<section class=\"av_textblock_section \"  itemscope=\"itemscope\" itemtype=\"https:\/\/schema.org\/CreativeWork\" ><div class='avia_textblock  '   itemprop=\"text\" ><ul>\n<li>Un accompagnement privil\u00e9gi\u00e9<\/li>\n<li>Des d\u00e9marches facilit\u00e9es<\/li>\n<li>Des conseils en fonction de votre activit\u00e9<\/li>\n<\/ul>\n<p>Faites le bon choix pour assurer vos b\u00e2timents et vos salari\u00e9s.<\/p>\n<\/div><\/section><br \/>\n<div  style='height:50px' class='hr hr-invisible   avia-builder-el-5  el_after_av_textblock  el_before_av_button '><span class='hr-inner ' ><span class='hr-inner-style'><\/span><\/span><\/div><br \/>\n<div  class='avia-button-wrap avia-button-left  avia-builder-el-6  el_after_av_hr  avia-builder-el-last ' ><a href='http:\/\/bcc-seguros.pt#contactme'  class='avia-button   avia-icon_select-no avia-color-custom avia-size-large avia-position-left '  style='background-color:#adc9c5; border-color:#adc9c5; color:#ffffff; ' ><span class='avia_iconbox_title' >Demander un devis<\/span><\/a><\/div><\/p><\/div>\n<div class=\"flex_column av_two_fifth  flex_column_div   avia-builder-el-7  el_after_av_three_fifth  el_before_av_hr  \" ><div  class='avia-image-container  av-styling-    avia-builder-el-8  avia-builder-el-no-sibling  avia-align-center '  itemprop=\"image\" itemscope=\"itemscope\" itemtype=\"https:\/\/schema.org\/ImageObject\"  ><div class='avia-image-container-inner'><div class='avia-image-overlay-wrap'><img class='avia_image' src='https:\/\/bcc-seguros.pt\/wp-content\/uploads\/2020\/07\/kobu-agency-7okkFhxrxNw-unsplash-1030x687.jpg' alt='' title='kobu-agency-7okkFhxrxNw-unsplash' height=\"687\" width=\"1030\"  itemprop=\"thumbnailUrl\"  \/><\/div><\/div><\/div><\/div>\n<div  style='height:100px' class='hr hr-invisible   avia-builder-el-9  el_after_av_two_fifth  el_before_av_one_full '><span class='hr-inner ' ><span class='hr-inner-style'><\/span><\/span><\/div>\n<div class=\"flex_column av_one_full  av-animated-generic fade-in  avia-full-stretch flex_column_div av-zero-column-padding first  avia-builder-el-10  el_after_av_hr  el_before_av_hr  \" style='margin-top:0px; margin-bottom:0px; background:url(https:\/\/bcc-seguros.pt\/wp-content\/uploads\/2020\/07\/brina-blum-xQ0cITvYY6I-unsplash-1500x430.jpg) center center no-repeat ; border-radius:0px; '><div  style='height:250px' class='hr hr-invisible   avia-builder-el-11  avia-builder-el-no-sibling '><span class='hr-inner ' ><span class='hr-inner-style'><\/span><\/span><\/div><\/div>\n<div  style='height:100px' class='hr hr-invisible   avia-builder-el-12  el_after_av_one_full  el_before_av_one_full '><span class='hr-inner ' ><span class='hr-inner-style'><\/span><\/span><\/div>\n<div class=\"flex_column av_one_full  flex_column_div first  avia-builder-el-13  el_after_av_hr  avia-builder-el-last  \" ><section class=\"av_textblock_section \"  itemscope=\"itemscope\" itemtype=\"https:\/\/schema.org\/CreativeWork\" ><div class='avia_textblock  '   itemprop=\"text\" ><h4 class=\"p1\"><strong>Pour aller plus loin :<\/strong><\/h4>\n<\/div><\/section><br \/>\n<section class=\"av_textblock_section \"  itemscope=\"itemscope\" itemtype=\"https:\/\/schema.org\/CreativeWork\" ><div class='avia_textblock  av_inherit_color '  style='color:#565656; '  itemprop=\"text\" ><p><strong>Besoin de conseils pour d\u00e9marrer<\/strong>, faites confiance \u00e0 notre r\u00e9seau (comptable, avocat, conseillers,\u2026)<\/p>\n<\/div><\/section><br \/>\n<div  style='height:50px' class='hr hr-invisible   avia-builder-el-16  el_after_av_textblock  avia-builder-el-last '><span class='hr-inner ' ><span class='hr-inner-style'><\/span><\/span><\/div><\/p><\/div>\n","protected":false},"excerpt":{"rendered":"","protected":false},"author":2,"featured_media":0,"parent":0,"menu_order":0,"comment_status":"open","ping_status":"open","template":"","meta":{"_monsterinsights_skip_tracking":false,"_monsterinsights_sitenote_active":false,"_monsterinsights_sitenote_note":"","_monsterinsights_sitenote_category":0},"_links":{"self":[{"href":"https:\/\/bcc-seguros.pt\/index.php\/wp-json\/wp\/v2\/pages\/3793"}],"collection":[{"href":"https:\/\/bcc-seguros.pt\/index.php\/wp-json\/wp\/v2\/pages"}],"about":[{"href":"https:\/\/bcc-seguros.pt\/index.php\/wp-json\/wp\/v2\/types\/page"}],"author":[{"embeddable":true,"href":"https:\/\/bcc-seguros.pt\/index.php\/wp-json\/wp\/v2\/users\/2"}],"replies":[{"embeddable":true,"href":"https:\/\/bcc-seguros.pt\/index.php\/wp-json\/wp\/v2\/comments?post=3793"}],"version-history":[{"count":15,"href":"https:\/\/bcc-seguros.pt\/index.php\/wp-json\/wp\/v2\/pages\/3793\/revisions"}],"predecessor-version":[{"id":3897,"href":"https:\/\/bcc-seguros.pt\/index.php\/wp-json\/wp\/v2\/pages\/3793\/revisions\/3897"}],"wp:attachment":[{"href":"https:\/\/bcc-seguros.pt\/index.php\/wp-json\/wp\/v2\/media?parent=3793"}],"curies":[{"name":"wp","href":"https:\/\/api.w.org\/{rel}","templated":true}]}}