{"id":3719,"date":"2020-07-02T19:43:18","date_gmt":"2020-07-02T17:43:18","guid":{"rendered":"http:\/\/bcc-seguros.pt\/?page_id=3719"},"modified":"2020-07-03T16:30:36","modified_gmt":"2020-07-03T14:30:36","slug":"bcc","status":"publish","type":"page","link":"https:\/\/bcc-seguros.pt\/index.php\/fr\/bcc\/","title":{"rendered":"BCC"},"content":{"rendered":"<div id='full_slider_1'  class='avia-fullwidth-slider main_color avia-shadow   avia-builder-el-0  el_before_av_one_full  avia-builder-el-first   container_wrap fullsize' style=' '  ><div   data-size='featured'  data-lightbox_size='large'  data-animation='slide'  data-conditional_play=''  data-ids='3720'  data-video_counter='0'  data-autoplay='false'  data-bg_slider='false'  data-slide_height=''  data-handle='av_slideshow_full'  data-interval='5'  data-class=' '  data-el_id=''  data-css_id=''  data-scroll_down=''  data-control_layout='av-control-default'  data-custom_markup=''  data-perma_caption=''  data-autoplay_stopper=''  data-image_attachment=''  data-min_height='0px'  data-src=''  data-position='top left'  data-repeat='no-repeat'  data-attach='scroll'  data-stretch=''  data-default-height='28.666666666667'  class='avia-slideshow avia-slideshow-1  av-control-default av-default-height-applied avia-slideshow-featured av_slideshow_full   avia-slide-slider '  itemprop=\"image\" itemscope=\"itemscope\" itemtype=\"https:\/\/schema.org\/ImageObject\" ><ul class='avia-slideshow-inner ' style='padding-bottom: 28.666666666667%;' ><li  class=' av-single-slide slide-1 ' ><div data-rel='slideshow-1' class='avia-slide-wrap '   ><div class = \"caption_fullwidth av-slideshow-caption caption_center\"><div class = \"container caption_container\"><div class = \"slideshow_caption\"><div class = \"slideshow_inner_caption\"><div class = \"slideshow_align_caption\"><h2  class='avia-caption-title  '  itemprop=\"name\" >QUI SOMMES-NOUS<\/h2><\/div><\/div><\/div><\/div><\/div><img src='https:\/\/bcc-seguros.pt\/wp-content\/uploads\/2020\/07\/QSN1-1500x430.jpg' width='1500' height='430' title='QSN1' alt=''  itemprop=\"thumbnailUrl\"   \/><\/div><\/li><\/ul><\/div><\/div><div id='after_full_slider_1'  class='main_color av_default_container_wrap container_wrap fullsize' style=' '  ><div class='container' ><div class='template-page content  av-content-full alpha units'><div class='post-entry post-entry-type-page post-entry-3719'><div class='entry-content-wrapper clearfix'>\n<div class=\"flex_column av_one_full  flex_column_div first  avia-builder-el-1  el_after_av_slideshow_full  el_before_av_section  avia-builder-el-no-sibling  \" ><p><div  style='height:150px' class='hr hr-invisible   avia-builder-el-2  el_before_av_image  avia-builder-el-first '><span class='hr-inner ' ><span class='hr-inner-style'><\/span><\/span><\/div><br \/>\n<div  class='avia-image-container  av-styling-    avia-builder-el-3  el_after_av_hr  el_before_av_hr  avia-align-center '  itemprop=\"image\" itemscope=\"itemscope\" itemtype=\"https:\/\/schema.org\/ImageObject\"  ><div class='avia-image-container-inner'><div class='avia-image-overlay-wrap'><img class='avia_image' src='https:\/\/bcc-seguros.pt\/wp-content\/uploads\/2020\/07\/Logo_BCCPT-300x98-1-300x98-1.png' alt='' title='Logo_BCCPT-300x98-1-300x98' height=\"98\" width=\"300\"  itemprop=\"thumbnailUrl\"  \/><\/div><\/div><\/div><br \/>\n<div  style='height:60px' class='hr hr-invisible   avia-builder-el-4  el_after_av_image  el_before_av_textblock '><span class='hr-inner ' ><span class='hr-inner-style'><\/span><\/span><\/div><br \/>\n<section class=\"av_textblock_section \"  itemscope=\"itemscope\" itemtype=\"https:\/\/schema.org\/CreativeWork\" ><div class='avia_textblock  '   itemprop=\"text\" ><h3 class=\"p1\" style=\"margin-left: 18pt; text-align: center;\"><strong>Nous souhaitons apporter une r\u00e9ponse claire, rapide et adapt\u00e9 \u00e0 vos besoins.<\/strong><\/h3>\n<p class=\"p1\" style=\"margin-left: 18pt; text-align: center;\">Lorsque l\u2019on vient habiter dans un nouveau pays, il est parfois difficile d\u2019obtenir des r\u00e9ponses \u00e0 ses questions, <strong>BCC Portugal<\/strong> souhaite apporter les conseils n\u00e9cessaires \u00e0 <strong>la bonne compr\u00e9hension par tous du syst\u00e8me d\u2019assurance Portugais<\/strong>.<\/p>\n<p class=\"p1\" style=\"margin-left: 18pt; text-align: center;\">Les administrations, la langues, tous ces changement sont autant de difficult\u00e9s \u00e0 traverser pour profiter de ce beau pays.<\/p>\n<\/div><\/section><br \/>\n<div  style='height:150px' class='hr hr-invisible   avia-builder-el-6  el_after_av_textblock  avia-builder-el-last '><span class='hr-inner ' ><span class='hr-inner-style'><\/span><\/span><\/div><\/p><\/div>\n<\/div><\/div><\/div><!-- close content main div --><\/div><\/div><div id='av_section_1'  class='avia-section main_color avia-section-no-padding avia-no-border-styling avia-full-stretch av-parallax-section avia-bg-style-parallax  avia-builder-el-7  el_after_av_one_full  el_before_av_hr   av-minimum-height av-minimum-height-50  container_wrap fullsize' style=' margin-top:50; margin-bottom:50; '  data-section-bg-repeat='stretch' data-av_minimum_height_pc='50'><div class='av-parallax' data-avia-parallax-ratio='0.3' ><div class='av-parallax-inner main_color  avia-full-stretch' style = 'background-repeat: no-repeat; background-image: url(https:\/\/bcc-seguros.pt\/wp-content\/uploads\/2020\/07\/portugal-tours-and-trips-to-portugal-400X400_1562928079.jpg);background-attachment: scroll; background-position: center center; ' ><\/div><\/div><div class='container' ><div class='template-page content  av-content-full alpha units'><div class='post-entry post-entry-type-page post-entry-3719'><div class='entry-content-wrapper clearfix'>\n<div  style='height:200px' class='hr hr-invisible   avia-builder-el-8  avia-builder-el-no-sibling '><span class='hr-inner ' ><span class='hr-inner-style'><\/span><\/span><\/div>\n<\/div><\/div><\/div><!-- close content main div --><\/div><\/div><div id='after_section_1'  class='main_color av_default_container_wrap container_wrap fullsize' style=' '  ><div class='container' ><div class='template-page content  av-content-full alpha units'><div class='post-entry post-entry-type-page post-entry-3719'><div class='entry-content-wrapper clearfix'>\n<div  style='height:300px' class='hr hr-invisible   avia-builder-el-9  el_after_av_section  el_before_av_section  avia-builder-el-no-sibling '><span class='hr-inner ' ><span class='hr-inner-style'><\/span><\/span><\/div>\n<\/div><\/div><\/div><!-- close content main div --><\/div><\/div><div id='av_section_2'  class='avia-section main_color avia-section-no-padding avia-no-border-styling avia-bg-style-parallax  avia-builder-el-10  el_after_av_hr  el_before_av_hr   av-minimum-height av-minimum-height-50  container_wrap fullsize' style=' margin-top:100; margin-bottom:100; '   data-av_minimum_height_pc='50'><div class='container' ><div class='template-page content  av-content-full alpha units'><div class='post-entry post-entry-type-page post-entry-3719'><div class='entry-content-wrapper clearfix'>\n<div class=\"flex_column av_one_half  flex_column_div first  avia-builder-el-11  el_before_av_one_half  avia-builder-el-first  \" ><div  class='avia-image-container avia_animated_image avia_animate_when_almost_visible top-to-bottom av-styling- av-hover-grow  av-mini-hide  avia-builder-el-12  avia-builder-el-no-sibling  avia-align-center '  itemprop=\"image\" itemscope=\"itemscope\" itemtype=\"https:\/\/schema.org\/ImageObject\"  ><div class='avia-image-container-inner'><div class='avia-image-overlay-wrap'><img class='avia_image' src='https:\/\/bcc-seguros.pt\/wp-content\/uploads\/2020\/07\/nouveau-champs-elysees-2024-1-1.jpg' alt='' title='nouveau-champs-elysees-2024-1' height=\"722\" width=\"736\"  itemprop=\"thumbnailUrl\"  \/><\/div><\/div><\/div><\/div><div class=\"flex_column av_one_half  flex_column_div   avia-builder-el-13  el_after_av_one_half  avia-builder-el-last  \" ><p><div  style='height:50px' class='hr hr-invisible   avia-builder-el-14  el_before_av_textblock  avia-builder-el-first '><span class='hr-inner ' ><span class='hr-inner-style'><\/span><\/span><\/div><br \/>\n<section class=\"av_textblock_section \"  itemscope=\"itemscope\" itemtype=\"https:\/\/schema.org\/CreativeWork\" ><div class='avia_textblock  av_inherit_color '  style='font-size:21px; color:#494949; '  itemprop=\"text\" ><h2 style=\"text-align: left;\">BCC est \u00e0 l\u2019origine une <strong>entreprise Fran\u00e7aise<\/strong> implant\u00e9e sur les Champs Elys\u00e9es \u00e0 Paris:<\/h2>\n<p style=\"text-align: left;\">Nous sommes essentiellement tourn\u00e9 vers le monde des entreprises, mais avec BCC Portugal, nous avons souhaitez <strong>ouvrir nos fronti\u00e8res<\/strong> et proposer des <strong>r\u00e9ponses en terme d\u2019assurance<\/strong> \u00e0 tous les amoureux comme nous du Portugal.<\/p>\n<p style=\"text-align: left;\">Notre exp\u00e9rience dans le monde de l\u2019assurance vous garantit <strong>un conseil s\u00e9rieux et un vrai gage de qualit\u00e9<\/strong>.<\/p>\n<\/div><\/section><\/p><\/div>\n<\/div><\/div><\/div><!-- close content main div --><\/div><\/div><div id='after_section_2'  class='main_color av_default_container_wrap container_wrap fullsize' style=' '  ><div class='container' ><div class='template-page content  av-content-full alpha units'><div class='post-entry post-entry-type-page post-entry-3719'><div class='entry-content-wrapper clearfix'>\n<div  style='height:300px' class='hr hr-invisible   avia-builder-el-16  el_after_av_section  el_before_av_section  avia-builder-el-no-sibling '><span class='hr-inner ' ><span class='hr-inner-style'><\/span><\/span><\/div>\n<\/div><\/div><\/div><!-- close content main div --><\/div><\/div><div id='av_section_3'  class='avia-section main_color avia-section-no-padding avia-no-border-styling avia-full-stretch av-parallax-section avia-bg-style-parallax  avia-builder-el-17  el_after_av_hr  el_before_av_hr   av-minimum-height av-minimum-height-50  container_wrap fullsize' style=' margin-top:100; margin-bottom:100; '  data-section-bg-repeat='stretch' data-av_minimum_height_pc='50'><div class='av-parallax' data-avia-parallax-ratio='0.3' ><div class='av-parallax-inner main_color  avia-full-stretch' style = 'background-repeat: no-repeat; background-image: url(https:\/\/bcc-seguros.pt\/wp-content\/uploads\/2020\/07\/bcc-bureau-1.jpg);background-attachment: scroll; background-position: center center; ' ><\/div><\/div><div class='container' ><div class='template-page content  av-content-full alpha units'><div class='post-entry post-entry-type-page post-entry-3719'><div class='entry-content-wrapper clearfix'>\n<div  style='height:300px' class='hr hr-invisible   avia-builder-el-18  el_before_av_image  avia-builder-el-first '><span class='hr-inner ' ><span class='hr-inner-style'><\/span><\/span><\/div>\n<div  class='avia-image-container  av-styling-    avia-builder-el-19  el_after_av_hr  el_before_av_hr  avia-align-center '  itemprop=\"image\" itemscope=\"itemscope\" itemtype=\"https:\/\/schema.org\/ImageObject\"  ><div class='avia-image-container-inner'><div class='avia-image-overlay-wrap'><img class='avia_image' src='https:\/\/bcc-seguros.pt\/wp-content\/uploads\/2020\/07\/bcc-courtage_header.png' alt='' title='bcc-courtage_header' height=\"150\" width=\"500\"  itemprop=\"thumbnailUrl\"  \/><\/div><\/div><\/div>\n<div  style='height:50px' class='hr hr-invisible   avia-builder-el-20  el_after_av_image  el_before_av_textblock '><span class='hr-inner ' ><span class='hr-inner-style'><\/span><\/span><\/div>\n<section class=\"av_textblock_section \"  itemscope=\"itemscope\" itemtype=\"https:\/\/schema.org\/CreativeWork\" ><div class='avia_textblock  av_inherit_color '  style='font-size:30px; color:#ffffff; '  itemprop=\"text\" ><h3 style=\"text-align: center;\"><strong>Retrouvez plus d&#8217;informations sur notre site BCC COURTAGE<\/strong><\/h3>\n<\/div><\/section>\n<div  style='height:40px' class='hr hr-invisible   avia-builder-el-22  el_after_av_textblock  el_before_av_button '><span class='hr-inner ' ><span class='hr-inner-style'><\/span><\/span><\/div>\n<div  class='avia-button-wrap avia-button-center  avia-builder-el-23  el_after_av_hr  el_before_av_hr ' ><a href=''  class='avia-button   avia-icon_select-no avia-color-light avia-size-x-large avia-position-center '   ><span class='avia_iconbox_title' >SITE BCC COURTAGE<\/span><\/a><\/div>\n<div  style='height:200px' class='hr hr-invisible   avia-builder-el-24  el_after_av_button  avia-builder-el-last '><span class='hr-inner ' ><span class='hr-inner-style'><\/span><\/span><\/div>\n<\/div><\/div><\/div><!-- close content main div --><\/div><\/div><div id='after_section_3'  class='main_color av_default_container_wrap container_wrap fullsize' style=' '  ><div class='container' ><div class='template-page content  av-content-full alpha units'><div class='post-entry post-entry-type-page post-entry-3719'><div class='entry-content-wrapper clearfix'>\n<div  style='height:300px' class='hr hr-invisible   avia-builder-el-25  el_after_av_section  el_before_av_one_half  avia-builder-el-first '><span class='hr-inner ' ><span class='hr-inner-style'><\/span><\/span><\/div>\n<div class=\"flex_column av_one_half  flex_column_div first  avia-builder-el-26  el_after_av_hr  el_before_av_one_half  \" ><div  class='avia-image-container  av-styling-    avia-builder-el-27  avia-builder-el-no-sibling  avia-align-center '  itemprop=\"image\" itemscope=\"itemscope\" itemtype=\"https:\/\/schema.org\/ImageObject\"  ><div class='avia-image-container-inner'><div class='avia-image-overlay-wrap'><img class='avia_image' src='https:\/\/bcc-seguros.pt\/wp-content\/uploads\/2020\/07\/cafe\u0301-845x684.png' alt='' title='cafe\u0301' height=\"684\" width=\"845\"  itemprop=\"thumbnailUrl\"  \/><\/div><\/div><\/div><\/div>\n<div class=\"flex_column av_one_half  flex_column_div   avia-builder-el-28  el_after_av_one_half  el_before_av_hr  \" ><section class=\"av_textblock_section \"  itemscope=\"itemscope\" itemtype=\"https:\/\/schema.org\/CreativeWork\" ><div class='avia_textblock  '   itemprop=\"text\" ><h3><strong>Les conseillers de notre agence sont sp\u00e9cialement form\u00e9s pour r\u00e9pondre \u00e0 toutes vos questions,<\/strong><br \/>\nils sont disponibles et \u00e0 l\u2019\u00e9coute pour \u00e9tudier vos dossiers avec une grande attention. Nous sommes une entreprise moderne et soucieuse de vous apporter un conseil personnalis\u00e9.<\/h3>\n<p>Nous aimons vous offrir un caf\u00e9 au sein de notre agence et vous offrir un service <strong>\u00e0 taille humaine<\/strong>.<\/p>\n<p>Pas de centre d\u2019appel, pas de XXXX, nous sommes juste une entreprise jeune et souriante.<\/p>\n<h4>Retrouvez l\u2019assureur familial avec la <strong>modernit\u00e9 en plus<\/strong>.<\/h4>\n<h5><strong>C\u2019est un plaisir<\/strong> pour nous de participer \u00e0 la <strong>protection de votre famille<\/strong>.<\/h5>\n<\/div><\/section><\/div>\n<div  style='height:300px' class='hr hr-invisible   avia-builder-el-30  el_after_av_one_half  avia-builder-el-last '><span class='hr-inner ' ><span class='hr-inner-style'><\/span><\/span><\/div>\n","protected":false},"excerpt":{"rendered":"","protected":false},"author":2,"featured_media":0,"parent":0,"menu_order":0,"comment_status":"open","ping_status":"open","template":"","meta":{"_monsterinsights_skip_tracking":false,"_monsterinsights_sitenote_active":false,"_monsterinsights_sitenote_note":"","_monsterinsights_sitenote_category":0},"_links":{"self":[{"href":"https:\/\/bcc-seguros.pt\/index.php\/wp-json\/wp\/v2\/pages\/3719"}],"collection":[{"href":"https:\/\/bcc-seguros.pt\/index.php\/wp-json\/wp\/v2\/pages"}],"about":[{"href":"https:\/\/bcc-seguros.pt\/index.php\/wp-json\/wp\/v2\/types\/page"}],"author":[{"embeddable":true,"href":"https:\/\/bcc-seguros.pt\/index.php\/wp-json\/wp\/v2\/users\/2"}],"replies":[{"embeddable":true,"href":"https:\/\/bcc-seguros.pt\/index.php\/wp-json\/wp\/v2\/comments?post=3719"}],"version-history":[{"count":25,"href":"https:\/\/bcc-seguros.pt\/index.php\/wp-json\/wp\/v2\/pages\/3719\/revisions"}],"predecessor-version":[{"id":3779,"href":"https:\/\/bcc-seguros.pt\/index.php\/wp-json\/wp\/v2\/pages\/3719\/revisions\/3779"}],"wp:attachment":[{"href":"https:\/\/bcc-seguros.pt\/index.php\/wp-json\/wp\/v2\/media?parent=3719"}],"curies":[{"name":"wp","href":"https:\/\/api.w.org\/{rel}","templated":true}]}}