{"id":3700,"date":"2020-07-02T18:27:56","date_gmt":"2020-07-02T16:27:56","guid":{"rendered":"http:\/\/bcc-seguros.pt\/?page_id=3700"},"modified":"2021-01-11T15:03:59","modified_gmt":"2021-01-11T14:03:59","slug":"vehicules","status":"publish","type":"page","link":"https:\/\/bcc-seguros.pt\/index.php\/fr\/vehicules\/","title":{"rendered":"VEHICULES"},"content":{"rendered":"<div id='full_slider_1'  class='avia-fullwidth-slider main_color avia-shadow   avia-builder-el-0  el_before_av_three_fifth  avia-builder-el-first   container_wrap fullsize' style=' '  ><div   data-size='featured'  data-lightbox_size='large'  data-animation='slide'  data-conditional_play=''  data-ids='3885'  data-video_counter='0'  data-autoplay='false'  data-bg_slider='false'  data-slide_height=''  data-handle='av_slideshow_full'  data-interval='5'  data-class=' '  data-el_id=''  data-css_id=''  data-scroll_down=''  data-control_layout='av-control-default'  data-custom_markup=''  data-perma_caption=''  data-autoplay_stopper=''  data-image_attachment=''  data-min_height='0px'  data-src=''  data-position='top left'  data-repeat='no-repeat'  data-attach='scroll'  data-stretch=''  data-default-height='28.666666666667'  class='avia-slideshow avia-slideshow-1  av-control-default av-default-height-applied avia-slideshow-featured av_slideshow_full   avia-slide-slider '  itemprop=\"image\" itemscope=\"itemscope\" itemtype=\"https:\/\/schema.org\/ImageObject\" ><ul class='avia-slideshow-inner ' style='padding-bottom: 28.666666666667%;' ><li  class=' av-single-slide slide-1 ' ><div data-rel='slideshow-1' class='avia-slide-wrap '   ><div class = \"caption_fullwidth av-slideshow-caption caption_right caption_right_framed caption_framed\"><div class = \"container caption_container\"><div class = \"slideshow_caption\"><div class = \"slideshow_inner_caption\"><div class = \"slideshow_align_caption\"><h2  class='avia-caption-title  '  itemprop=\"name\" >ASSURANCE V\u00c9HICULES<\/h2><\/div><\/div><\/div><\/div><\/div><img src='https:\/\/bcc-seguros.pt\/wp-content\/uploads\/2020\/07\/AdobeStock_138535506-1500x430.jpeg' width='1500' height='430' title='Happy woman hand out window car red with sunlight' alt=''  itemprop=\"thumbnailUrl\"   \/><\/div><\/li><\/ul><\/div><\/div><div id='after_full_slider_1'  class='main_color av_default_container_wrap container_wrap fullsize' style=' '  ><div class='container' ><div class='template-page content  av-content-full alpha units'><div class='post-entry post-entry-type-page post-entry-3700'><div class='entry-content-wrapper clearfix'>\n<div class=\"flex_column av_three_fifth  flex_column_div first  avia-builder-el-1  el_after_av_slideshow_full  el_before_av_two_fifth  avia-builder-el-first  \" ><p><section class=\"av_textblock_section \"  itemscope=\"itemscope\" itemtype=\"https:\/\/schema.org\/CreativeWork\" ><div class='avia_textblock  '   itemprop=\"text\" ><p>Assurez votre v\u00e9hicule immatricul\u00e9 au Portugal gr\u00e2ce \u00e0 nos contrats Auto, moto, bateaux.<\/p>\n<p>Nous disposons d\u2019une large gamme permettant de r\u00e9pondre \u00e0 tous vos besoins.<\/p>\n<\/div><\/section><br \/>\n<section class=\"av_textblock_section \"  itemscope=\"itemscope\" itemtype=\"https:\/\/schema.org\/CreativeWork\" ><div class='avia_textblock  '   itemprop=\"text\" ><h3>Des solutions adapt\u00e9es <strong>:<\/strong><\/h3>\n<\/div><\/section><br \/>\n<section class=\"av_textblock_section \"  itemscope=\"itemscope\" itemtype=\"https:\/\/schema.org\/CreativeWork\" ><div class='avia_textblock  '   itemprop=\"text\" ><ul>\n<li>Voiture fran\u00e7aise en attente d\u2019immatriculation portugaise<\/li>\n<li>Voiture Portugaise<\/li>\n<li>2 roues \/ 4 roues<\/li>\n<li>Caravane \/ Camping Car<\/li>\n<li>Bateau<\/li>\n<\/ul>\n<\/div><\/section><\/p><\/div>\n<div class=\"flex_column av_two_fifth  flex_column_div   avia-builder-el-5  el_after_av_three_fifth  el_before_av_one_full  \" ><div  class='avia-image-container avia_animated_image avia_animate_when_almost_visible right-to-left av-styling-    avia-builder-el-6  avia-builder-el-no-sibling  avia-align-left '  itemprop=\"image\" itemscope=\"itemscope\" itemtype=\"https:\/\/schema.org\/ImageObject\"  ><div class='avia-image-container-inner'><div class='avia-image-overlay-wrap'><img class='avia_image' src='https:\/\/bcc-seguros.pt\/wp-content\/uploads\/2020\/07\/david-martin-QoiKsJjBWYM-unsplash-1030x579.jpg' alt='' title='david-martin-QoiKsJjBWYM-unsplash' height=\"579\" width=\"1030\"  itemprop=\"thumbnailUrl\"  \/><\/div><\/div><\/div><\/div>\n<div class=\"flex_column av_one_full  flex_column_div first  avia-builder-el-7  el_after_av_two_fifth  el_before_av_section  avia-builder-el-last  \" ><div  style='height:100px' class='hr hr-invisible   avia-builder-el-8  avia-builder-el-no-sibling '><span class='hr-inner ' ><span class='hr-inner-style'><\/span><\/span><\/div><\/div>\n<\/div><\/div><\/div><!-- close content main div --><\/div><\/div><div id='av_section_1'  class='avia-section main_color avia-section-default avia-no-border-styling avia-bg-style-scroll  avia-builder-el-9  el_after_av_one_full  el_before_av_one_full   container_wrap fullsize' style='background-color: #b02b2c;  '  ><div class='container' ><div class='template-page content  av-content-full alpha units'><div class='post-entry post-entry-type-page post-entry-3700'><div class='entry-content-wrapper clearfix'>\n<div class=\"flex_column av_one_half  av-animated-generic left-to-right  flex_column_div av-zero-column-padding first  avia-builder-el-10  el_before_av_one_half  avia-builder-el-first  \" style='border-radius:0px; '><div  class='avia-image-container  av-styling-    avia-builder-el-11  avia-builder-el-no-sibling  avia-align-center '  itemprop=\"image\" itemscope=\"itemscope\" itemtype=\"https:\/\/schema.org\/ImageObject\"  ><div class='avia-image-container-inner'><div class='avia-image-overlay-wrap'><img class='avia_image' src='https:\/\/bcc-seguros.pt\/wp-content\/uploads\/2020\/07\/VH2-1-300x201.jpg' alt='' title='VH2' height=\"201\" width=\"300\"  itemprop=\"thumbnailUrl\"  \/><\/div><\/div><\/div><\/div><div class=\"flex_column av_one_half  flex_column_div   avia-builder-el-12  el_after_av_one_half  avia-builder-el-last  \" ><section class=\"av_textblock_section \"  itemscope=\"itemscope\" itemtype=\"https:\/\/schema.org\/CreativeWork\" ><div class='avia_textblock  av_inherit_color '  style='color:#ffffff; '  itemprop=\"text\" ><h2 class=\"p1\"><strong>Une assurance sur mesure :<\/strong><\/h2>\n<h3 style=\"text-align: left;\"><strong>\u00a0<\/strong><\/h3>\n<\/div><\/section><br \/>\n<section class=\"av_textblock_section \"  itemscope=\"itemscope\" itemtype=\"https:\/\/schema.org\/CreativeWork\" ><div class='avia_textblock  av_inherit_color '  style='color:#ffffff; '  itemprop=\"text\" ><ul>\n<li>Possibilit\u00e9 de conserver votre bonus<\/li>\n<li>Aucune avance d\u2019argent en cas de sinistre<\/li>\n<li>Des conseillers disponible et multi-langues<\/li>\n<li>Garantie D\u00e9pannage<\/li>\n<li>Garantie Incendie et Vol<\/li>\n<\/ul>\n<\/div><\/section><br \/>\n<div  style='height:50px' class='hr hr-invisible   avia-builder-el-15  el_after_av_textblock  el_before_av_button '><span class='hr-inner ' ><span class='hr-inner-style'><\/span><\/span><\/div><br \/>\n<div  class='avia-button-wrap avia-button-center  avia-builder-el-16  el_after_av_hr  avia-builder-el-last ' ><a href='http:\/\/bcc-seguros.pt#contactme'  class='avia-button   avia-icon_select-no avia-color-light avia-size-x-large avia-position-center '   ><span class='avia_iconbox_title' >Demander un devis<\/span><\/a><\/div><\/p><\/div><\/div><\/div><\/div><!-- close content main div --><\/div><\/div><div id='after_section_1'  class='main_color av_default_container_wrap container_wrap fullsize' style=' '  ><div class='container' ><div class='template-page content  av-content-full alpha units'><div class='post-entry post-entry-type-page post-entry-3700'><div class='entry-content-wrapper clearfix'><div class=\"flex_column av_one_full  flex_column_div first  avia-builder-el-17  el_after_av_section  el_before_av_one_full  avia-builder-el-first  \" ><\/div><\/p>\n<div class=\"flex_column av_one_full  flex_column_div first  avia-builder-el-18  el_after_av_one_full  el_before_av_one_fourth  column-top-margin\" ><p><div  style='height:100px' class='hr hr-invisible   avia-builder-el-19  el_before_av_textblock  avia-builder-el-first '><span class='hr-inner ' ><span class='hr-inner-style'><\/span><\/span><\/div><br \/>\n<section class=\"av_textblock_section \"  itemscope=\"itemscope\" itemtype=\"https:\/\/schema.org\/CreativeWork\" ><div class='avia_textblock  av_inherit_color '  style='color:#b02b2c; '  itemprop=\"text\" ><h1 class=\"p1\" style=\"text-align: center;\"><strong>LES FORMULES<\/strong><strong><br \/>\n<\/strong><\/h1>\n<h3 style=\"text-align: left;\"><strong>\u00a0<\/strong><\/h3>\n<\/div><\/section><\/p><\/div><div class=\"flex_column av_one_fourth  av-animated-generic top-to-bottom  flex_column_div av-zero-column-padding first  avia-builder-el-21  el_after_av_one_full  el_before_av_one_fourth  column-top-margin\" style='border-radius:0px; '><p><div  class='avia-image-container  av-styling-    avia-builder-el-22  el_before_av_hr  avia-builder-el-first  avia-align-center '  itemprop=\"image\" itemscope=\"itemscope\" itemtype=\"https:\/\/schema.org\/ImageObject\"  ><div class='avia-image-container-inner'><div class='avia-image-overlay-wrap'><img class='avia_image' src='https:\/\/bcc-seguros.pt\/wp-content\/uploads\/2021\/01\/VEH3-783x1030.png' alt='' title='VEH3' height=\"1030\" width=\"783\"  itemprop=\"thumbnailUrl\"  \/><\/div><\/div><\/div><br \/>\n<div  style='height:20px' class='hr hr-invisible   avia-builder-el-23  el_after_av_image  el_before_av_button '><span class='hr-inner ' ><span class='hr-inner-style'><\/span><\/span><\/div><br \/>\n<div  class='avia-button-wrap avia-button-center  avia-builder-el-24  el_after_av_hr  avia-builder-el-last ' ><a href='http:\/\/bcc-seguros.pt#contactme'  class='avia-button   avia-icon_select-no avia-color-custom avia-size-large avia-position-center '  style='background-color:#fbb900; border-color:#fbb900; color:#ffffff; ' ><span class='avia_iconbox_title' >Demander un devis<\/span><\/a><\/div><\/p><\/div><\/p>\n<div class=\"flex_column av_one_fourth  av-animated-generic top-to-bottom  flex_column_div av-zero-column-padding   avia-builder-el-25  el_after_av_one_fourth  el_before_av_one_fourth  column-top-margin\" style='border-radius:0px; '><p><div  class='avia-image-container  av-styling-    avia-builder-el-26  el_before_av_hr  avia-builder-el-first  avia-align-center '  itemprop=\"image\" itemscope=\"itemscope\" itemtype=\"https:\/\/schema.org\/ImageObject\"  ><div class='avia-image-container-inner'><div class='avia-image-overlay-wrap'><img class='avia_image' src='https:\/\/bcc-seguros.pt\/wp-content\/uploads\/2021\/01\/VEH4-784x1030.png' alt='' title='VEH4' height=\"1030\" width=\"784\"  itemprop=\"thumbnailUrl\"  \/><\/div><\/div><\/div><br \/>\n<div  style='height:20px' class='hr hr-invisible   avia-builder-el-27  el_after_av_image  el_before_av_button '><span class='hr-inner ' ><span class='hr-inner-style'><\/span><\/span><\/div><br \/>\n<div  class='avia-button-wrap avia-button-center  avia-builder-el-28  el_after_av_hr  avia-builder-el-last ' ><a href='http:\/\/bcc-seguros.pt#contactme'  class='avia-button   avia-icon_select-no avia-color-custom avia-size-large avia-position-center '  style='background-color:#93986a; border-color:#93986a; color:#ffffff; ' ><span class='avia_iconbox_title' >Demander un devis<\/span><\/a><\/div><\/p><\/div>\n<div class=\"flex_column av_one_fourth  av-animated-generic top-to-bottom  flex_column_div av-zero-column-padding   avia-builder-el-29  el_after_av_one_fourth  el_before_av_one_fourth  column-top-margin\" style='border-radius:0px; '><p><div  class='avia-image-container  av-styling-    avia-builder-el-30  el_before_av_hr  avia-builder-el-first  avia-align-center '  itemprop=\"image\" itemscope=\"itemscope\" itemtype=\"https:\/\/schema.org\/ImageObject\"  ><div class='avia-image-container-inner'><div class='avia-image-overlay-wrap'><img class='avia_image' src='https:\/\/bcc-seguros.pt\/wp-content\/uploads\/2021\/01\/VEH5-783x1030.png' alt='' title='VEH5' height=\"1030\" width=\"783\"  itemprop=\"thumbnailUrl\"  \/><\/div><\/div><\/div><br \/>\n<div  style='height:20px' class='hr hr-invisible   avia-builder-el-31  el_after_av_image  el_before_av_button '><span class='hr-inner ' ><span class='hr-inner-style'><\/span><\/span><\/div><br \/>\n<div  class='avia-button-wrap avia-button-center  avia-builder-el-32  el_after_av_hr  avia-builder-el-last ' ><a href='http:\/\/bcc-seguros.pt#contactme'  class='avia-button   avia-icon_select-no avia-color-custom avia-size-large avia-position-center '  style='background-color:#a53c24; border-color:#a53c24; color:#ffffff; ' ><span class='avia_iconbox_title' >Demander un devis<\/span><\/a><\/div><\/p><\/div>\n<div class=\"flex_column av_one_fourth  av-animated-generic top-to-bottom  flex_column_div av-zero-column-padding   avia-builder-el-33  el_after_av_one_fourth  el_before_av_hr  column-top-margin\" style='border-radius:0px; '><p><div  class='avia-image-container  av-styling-    avia-builder-el-34  el_before_av_hr  avia-builder-el-first  avia-align-center '  itemprop=\"image\" itemscope=\"itemscope\" itemtype=\"https:\/\/schema.org\/ImageObject\"  ><div class='avia-image-container-inner'><div class='avia-image-overlay-wrap'><img class='avia_image' src='https:\/\/bcc-seguros.pt\/wp-content\/uploads\/2021\/01\/VEH6-783x1030.png' alt='' title='VEH6' height=\"1030\" width=\"783\"  itemprop=\"thumbnailUrl\"  \/><\/div><\/div><\/div><br \/>\n<div  style='height:20px' class='hr hr-invisible   avia-builder-el-35  el_after_av_image  el_before_av_button '><span class='hr-inner ' ><span class='hr-inner-style'><\/span><\/span><\/div><br \/>\n<div  class='avia-button-wrap avia-button-center  avia-builder-el-36  el_after_av_hr  avia-builder-el-last ' ><a href='http:\/\/bcc-seguros.pt#contactme'  class='avia-button   avia-icon_select-no avia-color-custom avia-size-large avia-position-center '  style='background-color:#004f6a; border-color:#004f6a; color:#ffffff; ' ><span class='avia_iconbox_title' >Demander un devis<\/span><\/a><\/div><\/p><\/div>\n<div  style='height:100px' class='hr hr-invisible   avia-builder-el-37  el_after_av_one_fourth  el_before_av_section  avia-builder-el-last '><span class='hr-inner ' ><span class='hr-inner-style'><\/span><\/span><\/div>\n<\/div><\/div><\/div><!-- close content main div --><\/div><\/div><div id='av_section_2'  class='avia-section main_color avia-section-default avia-no-border-styling avia-bg-style-scroll  avia-builder-el-38  el_after_av_hr  el_before_av_hr   container_wrap fullsize' style='background-color: #565656;  '  ><div class='container' ><div class='template-page content  av-content-full alpha units'><div class='post-entry post-entry-type-page post-entry-3700'><div class='entry-content-wrapper clearfix'>\n<div class=\"flex_column av_two_third  av-animated-generic left-to-right  flex_column_div av-zero-column-padding first  avia-builder-el-39  el_before_av_one_third  avia-builder-el-first  \" style='border-radius:0px; '><p><div  style='height:100px' class='hr hr-invisible   avia-builder-el-40  el_before_av_textblock  avia-builder-el-first '><span class='hr-inner ' ><span class='hr-inner-style'><\/span><\/span><\/div><br \/>\n<section class=\"av_textblock_section \"  itemscope=\"itemscope\" itemtype=\"https:\/\/schema.org\/CreativeWork\" ><div class='avia_textblock  av_inherit_color '  style='color:#ffffff; '  itemprop=\"text\" ><h2 class=\"p1\">POUR ALLER PLUS LOIN<\/h2>\n<\/div><\/section><br \/>\n<section class=\"av_textblock_section \"  itemscope=\"itemscope\" itemtype=\"https:\/\/schema.org\/CreativeWork\" ><div class='avia_textblock  av_inherit_color '  style='color:#ffffff; '  itemprop=\"text\" ><p>Vous avez un v\u00e9hicule fran\u00e7ais et vous cherchez \u00e0 le faire immatriculer au Portugal ?<\/p>\n<p>Notre r\u00e9seau partenaire est \u00e0 votre \u00e9coute alors n\u2019h\u00e9sitez pas \u00e0 nous demander.<\/p>\n<\/div><\/section><br \/>\n<div  style='height:100px' class='hr hr-invisible   avia-builder-el-43  el_after_av_textblock  avia-builder-el-last '><span class='hr-inner ' ><span class='hr-inner-style'><\/span><\/span><\/div><\/p><\/div><div class=\"flex_column av_one_third  flex_column_div   avia-builder-el-44  el_after_av_two_third  avia-builder-el-last  \" ><p><div  style='height:100px' class='hr hr-invisible   avia-builder-el-45  el_before_av_image  avia-builder-el-first '><span class='hr-inner ' ><span class='hr-inner-style'><\/span><\/span><\/div><br \/>\n<div  class='avia-image-container avia_animated_image avia_animate_when_almost_visible right-to-left av-styling-    avia-builder-el-46  el_after_av_hr  el_before_av_hr  avia-align-center '  itemprop=\"image\" itemscope=\"itemscope\" itemtype=\"https:\/\/schema.org\/ImageObject\"  ><div class='avia-image-container-inner'><div class='avia-image-overlay-wrap'><img class='avia_image' src='https:\/\/bcc-seguros.pt\/wp-content\/uploads\/2020\/07\/Conduire-Portugal.jpg' alt='' title='Conduire-Portugal' height=\"368\" width=\"696\"  itemprop=\"thumbnailUrl\"  \/><\/div><\/div><\/div><br \/>\n<div  style='height:100px' class='hr hr-invisible   avia-builder-el-47  el_after_av_image  avia-builder-el-last '><span class='hr-inner ' ><span class='hr-inner-style'><\/span><\/span><\/div><\/p><\/div>\n<\/div><\/div><\/div><!-- close content main div --><\/div><\/div><div id='after_section_2'  class='main_color av_default_container_wrap container_wrap fullsize' style=' '  ><div class='container' ><div class='template-page content  av-content-full alpha units'><div class='post-entry post-entry-type-page post-entry-3700'><div class='entry-content-wrapper clearfix'>\n<div   class='hr hr-full hr-no-shadow   avia-builder-el-48  el_after_av_section  avia-builder-el-no-sibling '><span class='hr-inner ' ><span class='hr-inner-style'><\/span><\/span><\/div>\n","protected":false},"excerpt":{"rendered":"","protected":false},"author":2,"featured_media":0,"parent":0,"menu_order":0,"comment_status":"open","ping_status":"open","template":"","meta":{"_monsterinsights_skip_tracking":false,"_monsterinsights_sitenote_active":false,"_monsterinsights_sitenote_note":"","_monsterinsights_sitenote_category":0},"_links":{"self":[{"href":"https:\/\/bcc-seguros.pt\/index.php\/wp-json\/wp\/v2\/pages\/3700"}],"collection":[{"href":"https:\/\/bcc-seguros.pt\/index.php\/wp-json\/wp\/v2\/pages"}],"about":[{"href":"https:\/\/bcc-seguros.pt\/index.php\/wp-json\/wp\/v2\/types\/page"}],"author":[{"embeddable":true,"href":"https:\/\/bcc-seguros.pt\/index.php\/wp-json\/wp\/v2\/users\/2"}],"replies":[{"embeddable":true,"href":"https:\/\/bcc-seguros.pt\/index.php\/wp-json\/wp\/v2\/comments?post=3700"}],"version-history":[{"count":14,"href":"https:\/\/bcc-seguros.pt\/index.php\/wp-json\/wp\/v2\/pages\/3700\/revisions"}],"predecessor-version":[{"id":3925,"href":"https:\/\/bcc-seguros.pt\/index.php\/wp-json\/wp\/v2\/pages\/3700\/revisions\/3925"}],"wp:attachment":[{"href":"https:\/\/bcc-seguros.pt\/index.php\/wp-json\/wp\/v2\/media?parent=3700"}],"curies":[{"name":"wp","href":"https:\/\/api.w.org\/{rel}","templated":true}]}}