{"id":3634,"date":"2020-06-18T13:14:59","date_gmt":"2020-06-18T11:14:59","guid":{"rendered":"http:\/\/bcc-seguros.pt\/?page_id=3634"},"modified":"2020-07-09T19:51:58","modified_gmt":"2020-07-09T17:51:58","slug":"hab","status":"publish","type":"page","link":"https:\/\/bcc-seguros.pt\/index.php\/fr\/hab\/","title":{"rendered":"HABITATION"},"content":{"rendered":"<div id='full_slider_1'  class='avia-fullwidth-slider main_color avia-shadow   avia-builder-el-0  el_before_av_one_full  avia-builder-el-first   container_wrap fullsize' style=' '  ><div   data-size='featured'  data-lightbox_size='large'  data-animation='slide'  data-conditional_play=''  data-ids='3581'  data-video_counter='0'  data-autoplay='false'  data-bg_slider='false'  data-slide_height=''  data-handle='av_slideshow_full'  data-interval='5'  data-class=' '  data-el_id=''  data-css_id=''  data-scroll_down=''  data-control_layout='av-control-default'  data-custom_markup=''  data-perma_caption=''  data-autoplay_stopper=''  data-image_attachment=''  data-min_height='0px'  data-src=''  data-position='top left'  data-repeat='no-repeat'  data-attach='scroll'  data-stretch=''  data-default-height='28.666666666667'  class='avia-slideshow avia-slideshow-1  av-control-default av-default-height-applied avia-slideshow-featured av_slideshow_full   avia-slide-slider '  itemprop=\"image\" itemscope=\"itemscope\" itemtype=\"https:\/\/schema.org\/ImageObject\" ><ul class='avia-slideshow-inner ' style='padding-bottom: 28.666666666667%;' ><li  class=' av-single-slide slide-1 ' ><div data-rel='slideshow-1' class='avia-slide-wrap '   ><div class = \"caption_fullwidth av-slideshow-caption caption_right caption_right_framed caption_framed\"><div class = \"container caption_container\"><div class = \"slideshow_caption\"><div class = \"slideshow_inner_caption\"><div class = \"slideshow_align_caption\"><h2  class='avia-caption-title  '  itemprop=\"name\" >ASSURANCE HABITATION<\/h2><\/div><\/div><\/div><\/div><\/div><img src='https:\/\/bcc-seguros.pt\/wp-content\/uploads\/2020\/06\/HAB1-1500x430.jpeg' width='1500' height='430' title='kids and flooding' alt=''  itemprop=\"thumbnailUrl\"   \/><\/div><\/li><\/ul><\/div><\/div><div id='after_full_slider_1'  class='main_color av_default_container_wrap container_wrap fullsize' style=' '  ><div class='container' ><div class='template-page content  av-content-full alpha units'><div class='post-entry post-entry-type-page post-entry-3634'><div class='entry-content-wrapper clearfix'>\n<div class=\"flex_column av_one_full  flex_column_div first  avia-builder-el-1  el_after_av_slideshow_full  el_before_av_one_third  avia-builder-el-first  \" ><div  style='height:100px' class='hr hr-invisible   avia-builder-el-2  avia-builder-el-no-sibling '><span class='hr-inner ' ><span class='hr-inner-style'><\/span><\/span><\/div><\/div>\n<div class=\"flex_column av_one_third  av-animated-generic left-to-right  flex_column_div av-zero-column-padding first  avia-builder-el-3  el_after_av_one_full  el_before_av_two_third  column-top-margin\" style='border-radius:0px; '><section class=\"av_textblock_section \"  itemscope=\"itemscope\" itemtype=\"https:\/\/schema.org\/CreativeWork\" ><div class='avia_textblock  '   itemprop=\"text\" ><h3 style=\"text-align: left;\"><strong>Les Avantages :<\/strong><\/h3>\n<\/div><\/section><br \/>\n<section class=\"av_textblock_section \"  itemscope=\"itemscope\" itemtype=\"https:\/\/schema.org\/CreativeWork\" ><div class='avia_textblock  '   itemprop=\"text\" ><ul>\n<li>Un accompagnement sur mesure au meilleur prix<\/li>\n<li>Une gestion des demandes rapide<\/li>\n<li>La d\u00e9fense de vos droits<\/li>\n<li>Des conseillers Multi langues<\/li>\n<li>Un partenariat avec les meilleurs assurances<\/li>\n<\/ul>\n<\/div><\/section><\/p><\/div>\n<div class=\"flex_column av_two_third  av-animated-generic right-to-left  flex_column_div av-zero-column-padding   avia-builder-el-6  el_after_av_one_third  el_before_av_one_full  column-top-margin\" style='border-radius:0px; '><div  class='avia-image-container  av-styling-no-styling av-hover-grow av-hide-overflow   avia-builder-el-7  avia-builder-el-no-sibling  avia-align-left '  itemprop=\"image\" itemscope=\"itemscope\" itemtype=\"https:\/\/schema.org\/ImageObject\"  ><div class='avia-image-container-inner'><div class='avia-image-overlay-wrap'><img class='avia_image' src='https:\/\/bcc-seguros.pt\/wp-content\/uploads\/2020\/06\/240_F_351810538_7fgxlrfCCcMoZ2CjUXKgGog1Wsg3G5bD.jpg' alt='' title='240_F_351810538_7fgxlrfCCcMoZ2CjUXKgGog1Wsg3G5bD' height=\"240\" width=\"617\"  itemprop=\"thumbnailUrl\"  \/><\/div><\/div><\/div><\/div>\n<div class=\"flex_column av_one_full  flex_column_div first  avia-builder-el-8  el_after_av_two_third  el_before_av_section  avia-builder-el-last  column-top-margin\" ><div  style='height:100px' class='hr hr-invisible   avia-builder-el-9  avia-builder-el-no-sibling '><span class='hr-inner ' ><span class='hr-inner-style'><\/span><\/span><\/div><\/div>\n<\/div><\/div><\/div><!-- close content main div --><\/div><\/div><div id='av_section_1'  class='avia-section main_color avia-section-default avia-no-border-styling avia-bg-style-scroll  avia-builder-el-10  el_after_av_one_full  el_before_av_one_full   container_wrap fullsize' style='background-color: #565656;  margin-top:100px; margin-bottom:100px; '  ><div class='container' ><div class='template-page content  av-content-full alpha units'><div class='post-entry post-entry-type-page post-entry-3634'><div class='entry-content-wrapper clearfix'>\n<div class=\"flex_column av_one_half  av-animated-generic left-to-right  flex_column_div av-zero-column-padding first  avia-builder-el-11  el_before_av_one_half  avia-builder-el-first  \" style='border-radius:0px; '><div  class='avia-image-container  av-styling-    avia-builder-el-12  avia-builder-el-no-sibling  avia-align-center '  itemprop=\"image\" itemscope=\"itemscope\" itemtype=\"https:\/\/schema.org\/ImageObject\"  ><div class='avia-image-container-inner'><div class='avia-image-overlay-wrap'><img class='avia_image' src='https:\/\/bcc-seguros.pt\/wp-content\/uploads\/2020\/06\/cover-r4x3w1000-5b44b407a471b-shutterstock-684257821.jpg' alt='' title='cover-r4x3w1000-5b44b407a471b-shutterstock-684257821' height=\"749\" width=\"1000\"  itemprop=\"thumbnailUrl\"  \/><\/div><\/div><\/div><\/div><div class=\"flex_column av_one_half  av-animated-generic right-to-left  flex_column_div av-zero-column-padding   avia-builder-el-13  el_after_av_one_half  avia-builder-el-last  \" style='border-radius:0px; '><section class=\"av_textblock_section \"  itemscope=\"itemscope\" itemtype=\"https:\/\/schema.org\/CreativeWork\" ><div class='avia_textblock  av_inherit_color '  style='color:#ffffff; '  itemprop=\"text\" ><h5 class=\"p1\"><strong>Les garanties disponibles :<\/strong><\/h5>\n<h3 style=\"text-align: left;\"><strong>\u00a0<\/strong><\/h3>\n<\/div><\/section><br \/>\n<section class=\"av_textblock_section \"  itemscope=\"itemscope\" itemtype=\"https:\/\/schema.org\/CreativeWork\" ><div class='avia_textblock  av_inherit_color '  style='color:#ffffff; '  itemprop=\"text\" ><ul>\n<li>Incendie (seule garantie obligatoire au Portugal)<\/li>\n<li>Vol et vandalisme<\/li>\n<li>Bris de verre<\/li>\n<li>D\u00e9gats des eaux<\/li>\n<li>Ev\u00e8nements climatiques<\/li>\n<\/ul>\n<\/div><\/section><\/p><\/div>\n<\/div><\/div><\/div><!-- close content main div --><\/div><\/div><div id='after_section_1'  class='main_color av_default_container_wrap container_wrap fullsize' style=' '  ><div class='container' ><div class='template-page content  av-content-full alpha units'><div class='post-entry post-entry-type-page post-entry-3634'><div class='entry-content-wrapper clearfix'>\n<div class=\"flex_column av_one_full  flex_column_div first  avia-builder-el-16  el_after_av_section  el_before_av_one_full  avia-builder-el-first  \" ><p><div  style='height:50px' class='hr hr-invisible   avia-builder-el-17  el_before_av_textblock  avia-builder-el-first '><span class='hr-inner ' ><span class='hr-inner-style'><\/span><\/span><\/div><br \/>\n<section class=\"av_textblock_section \"  itemscope=\"itemscope\" itemtype=\"https:\/\/schema.org\/CreativeWork\" ><div class='avia_textblock  av_inherit_color '  style='color:#5600ce; '  itemprop=\"text\" ><h4 class=\"p1\"><strong>Ce qu&#8217;il faut savoir &#8230;<br \/>\n<\/strong><\/h4>\n<\/div><\/section><br \/>\n<section class=\"av_textblock_section \"  itemscope=\"itemscope\" itemtype=\"https:\/\/schema.org\/CreativeWork\" ><div class='avia_textblock  '   itemprop=\"text\" ><p class=\"p1\">L\u2019assurance habitation est seulement <strong>obligatoire pour les propri\u00e9taires<\/strong>. Mais attention, l\u2019unique garantie obligatoire est <strong>l\u2019assurance incendie<\/strong>.<br \/>\nM\u00eame si cette protection est tr\u00e8s accessible, nous vous conseillons n\u00e9anmoins d\u2019<strong>ajouter des garanties suppl\u00e9mentaires<\/strong> en fonction des caract\u00e9ristiques de votre bien (principale, secondaire, surface, ville, valeur d\u2019achat,\u2026). Vous serez ainsi certain que la prime d\u2019assurance de votre logement soit <strong>parfaitement adapt\u00e9e en cas de sinistre<\/strong>.<br \/>\nNous pouvons \u00e9tudier les options suppl\u00e9mentaires en fonction de vos besoins et de votre budget.<\/p>\n<\/div><\/section><br \/>\n<div  style='height:30px' class='hr hr-invisible   avia-builder-el-20  el_after_av_textblock  el_before_av_button '><span class='hr-inner ' ><span class='hr-inner-style'><\/span><\/span><\/div><br \/>\n<div  class='avia-button-wrap avia-button-center  avia-builder-el-21  el_after_av_hr  el_before_av_hr ' ><a href='http:\/\/bcc-seguros.pt#contactme'  class='avia-button   avia-icon_select-no avia-color-dark avia-size-x-large avia-position-center '   ><span class='avia_iconbox_title' >Demander un devis<\/span><\/a><\/div><br \/>\n<div  style='height:50px' class='hr hr-invisible   avia-builder-el-22  el_after_av_button  avia-builder-el-last '><span class='hr-inner ' ><span class='hr-inner-style'><\/span><\/span><\/div><\/p><\/div>\n<div class=\"flex_column av_one_full  flex_column_div first  avia-builder-el-23  el_after_av_one_full  el_before_av_one_third  column-top-margin\" ><p><div  style='height:100px' class='hr hr-invisible   avia-builder-el-24  el_before_av_textblock  avia-builder-el-first '><span class='hr-inner ' ><span class='hr-inner-style'><\/span><\/span><\/div><br \/>\n<section class=\"av_textblock_section \"  itemscope=\"itemscope\" itemtype=\"https:\/\/schema.org\/CreativeWork\" ><div class='avia_textblock  '   itemprop=\"text\" ><h4 class=\"p1\" style=\"text-align: center;\"><strong>Des formules pour toutes les situations<br \/>\n<\/strong><\/h4>\n<h5 class=\"p1\"><strong>\u00a0<\/strong><\/h5>\n<h3 style=\"text-align: left;\"><strong>\u00a0<\/strong><\/h3>\n<\/div><\/section><\/p><\/div>\n<div class=\"flex_column av_one_third  av-animated-generic top-to-bottom  flex_column_div av-zero-column-padding first  avia-builder-el-26  el_after_av_one_full  el_before_av_one_third  column-top-margin\" style='border-radius:0px; '><p><div  class='avia-image-container  av-styling-    avia-builder-el-27  el_before_av_hr  avia-builder-el-first  avia-align-center '  itemprop=\"image\" itemscope=\"itemscope\" itemtype=\"https:\/\/schema.org\/ImageObject\"  ><div class='avia-image-container-inner'><div class='avia-image-overlay-wrap'><img class='avia_image' src='https:\/\/bcc-seguros.pt\/wp-content\/uploads\/2020\/06\/pr-300x300.png' alt='' title='pr' height=\"300\" width=\"300\"  itemprop=\"thumbnailUrl\"  \/><\/div><\/div><\/div><br \/>\n<div  style='height:20px' class='hr hr-invisible   avia-builder-el-28  el_after_av_image  el_before_av_textblock '><span class='hr-inner ' ><span class='hr-inner-style'><\/span><\/span><\/div><br \/>\n<section class=\"av_textblock_section \"  itemscope=\"itemscope\" itemtype=\"https:\/\/schema.org\/CreativeWork\" ><div class='avia_textblock  '   itemprop=\"text\" ><p style=\"text-align: center;\"><strong>Vous \u00eates propri\u00e9taire occupant.<\/strong><br \/>\nChoisissez les garanties en fonction de votre logement et de ses \u00e9quipements.<br \/>\nNous avons des formules sur mesure.<\/p>\n<\/div><\/section><\/p><\/div>\n<div class=\"flex_column av_one_third  av-animated-generic top-to-bottom  flex_column_div av-zero-column-padding   avia-builder-el-30  el_after_av_one_third  el_before_av_one_third  column-top-margin\" style='border-radius:0px; '><p><div  class='avia-image-container  av-styling-    avia-builder-el-31  el_before_av_hr  avia-builder-el-first  avia-align-center '  itemprop=\"image\" itemscope=\"itemscope\" itemtype=\"https:\/\/schema.org\/ImageObject\"  ><div class='avia-image-container-inner'><div class='avia-image-overlay-wrap'><img class='avia_image' src='https:\/\/bcc-seguros.pt\/wp-content\/uploads\/2020\/06\/se-300x300.png' alt='' title='se' height=\"300\" width=\"300\"  itemprop=\"thumbnailUrl\"  \/><\/div><\/div><\/div><br \/>\n<div  style='height:20px' class='hr hr-invisible   avia-builder-el-32  el_after_av_image  el_before_av_textblock '><span class='hr-inner ' ><span class='hr-inner-style'><\/span><\/span><\/div><br \/>\n<section class=\"av_textblock_section \"  itemscope=\"itemscope\" itemtype=\"https:\/\/schema.org\/CreativeWork\" ><div class='avia_textblock  '   itemprop=\"text\" ><p style=\"text-align: center;\"><strong>Votre bien est votre r\u00e9sidence secondaire.<\/strong><br \/>\nEn votre absence soyez serein, nous vous proposons des formules adapt\u00e9es \u00e0 votre situation au meilleur prix.<\/p>\n<\/div><\/section><\/p><\/div>\n<div class=\"flex_column av_one_third  av-animated-generic top-to-bottom  flex_column_div av-zero-column-padding   avia-builder-el-34  el_after_av_one_third  el_before_av_section  avia-builder-el-last  column-top-margin\" style='border-radius:0px; '><p><div  class='avia-image-container  av-styling-    avia-builder-el-35  el_before_av_hr  avia-builder-el-first  avia-align-center '  itemprop=\"image\" itemscope=\"itemscope\" itemtype=\"https:\/\/schema.org\/ImageObject\"  ><div class='avia-image-container-inner'><div class='avia-image-overlay-wrap'><img class='avia_image' src='https:\/\/bcc-seguros.pt\/wp-content\/uploads\/2020\/06\/lo-300x300.png' alt='' title='lo' height=\"300\" width=\"300\"  itemprop=\"thumbnailUrl\"  \/><\/div><\/div><\/div><br \/>\n<div  style='height:20px' class='hr hr-invisible   avia-builder-el-36  el_after_av_image  el_before_av_textblock '><span class='hr-inner ' ><span class='hr-inner-style'><\/span><\/span><\/div><br \/>\n<section class=\"av_textblock_section \"  itemscope=\"itemscope\" itemtype=\"https:\/\/schema.org\/CreativeWork\" ><div class='avia_textblock  '   itemprop=\"text\" ><p style=\"text-align: center;\"><strong>Vous louez votre bien.<\/strong><br \/>\nVous souhaitez louer votre bien en toute tranquillit\u00e9 sans mauvaise surprise, nous avons des formules faites pour vous.<\/p>\n<\/div><\/section><\/p><\/div>\n<\/div><\/div><\/div><!-- close content main div --><\/div><\/div><div id='av_section_2'  class='avia-section main_color avia-section-default avia-no-border-styling avia-bg-style-scroll  avia-builder-el-38  el_after_av_one_third  el_before_av_section   container_wrap fullsize' style=' '  ><div class='container' ><div class='template-page content  av-content-full alpha units'><div class='post-entry post-entry-type-page post-entry-3634'><div class='entry-content-wrapper clearfix'>\n<div class=\"flex_column av_three_fourth  flex_column_div first  avia-builder-el-39  el_before_av_one_fourth  avia-builder-el-first  \" ><p><div  style='height:100px' class='hr hr-invisible   avia-builder-el-40  el_before_av_textblock  avia-builder-el-first '><span class='hr-inner ' ><span class='hr-inner-style'><\/span><\/span><\/div><br \/>\n<section class=\"av_textblock_section \"  itemscope=\"itemscope\" itemtype=\"https:\/\/schema.org\/CreativeWork\" ><div class='avia_textblock  '   itemprop=\"text\" ><h3 class=\"p1\"><strong>POUR ALLER PLUS LOIN<\/strong><\/h3>\n<\/div><\/section><br \/>\n<section class=\"av_textblock_section \"  itemscope=\"itemscope\" itemtype=\"https:\/\/schema.org\/CreativeWork\" ><div class='avia_textblock  '   itemprop=\"text\" ><p>Vous recherchez un bien au Portugal ou une entreprise de conciergerie pour prendre soin de votre logement ?<br \/>\nNotre r\u00e9seau partenaire est \u00e0 votre \u00e9coute alors n\u2019h\u00e9sitez pas \u00e0 nous demander.<\/p>\n<\/div><\/section><br \/>\n<div  style='height:100px' class='hr hr-invisible   avia-builder-el-43  el_after_av_textblock  avia-builder-el-last '><span class='hr-inner ' ><span class='hr-inner-style'><\/span><\/span><\/div><\/p><\/div><div class=\"flex_column av_one_fourth  flex_column_div   avia-builder-el-44  el_after_av_three_fourth  avia-builder-el-last  \" ><p><div  style='height:100px' class='hr hr-invisible   avia-builder-el-45  el_before_av_image  avia-builder-el-first '><span class='hr-inner ' ><span class='hr-inner-style'><\/span><\/span><\/div><br \/>\n<div  class='avia-image-container  av-styling-    avia-builder-el-46  el_after_av_hr  el_before_av_hr  avia-align-center '  itemprop=\"image\" itemscope=\"itemscope\" itemtype=\"https:\/\/schema.org\/ImageObject\"  ><div class='avia-image-container-inner'><div class='avia-image-overlay-wrap'><img class='avia_image' src='https:\/\/bcc-seguros.pt\/wp-content\/uploads\/2020\/06\/vendreMaisonSansAgence-300x157.png' alt='' title='vendreMaisonSansAgence' height=\"157\" width=\"300\"  itemprop=\"thumbnailUrl\"  \/><\/div><\/div><\/div><br \/>\n<div  style='height:100px' class='hr hr-invisible   avia-builder-el-47  el_after_av_image  avia-builder-el-last '><span class='hr-inner ' ><span class='hr-inner-style'><\/span><\/span><\/div><\/p><\/div>\n\n<\/div><\/div><\/div><!-- close content main div --><\/div><\/div><div id='av_section_3'  class='avia-section main_color avia-section-default avia-no-border-styling avia-bg-style-scroll  avia-builder-el-48  el_after_av_section  avia-builder-el-last   container_wrap fullsize' style='background-color: #b02b2c;  '  ><div class='container' ><div class='template-page content  av-content-full alpha units'><div class='post-entry post-entry-type-page post-entry-3634'><div class='entry-content-wrapper clearfix'>\n<div  style='height:50px' class='hr hr-invisible   avia-builder-el-49  el_before_av_textblock  avia-builder-el-first '><span class='hr-inner ' ><span class='hr-inner-style'><\/span><\/span><\/div>\n<section class=\"av_textblock_section \"  itemscope=\"itemscope\" itemtype=\"https:\/\/schema.org\/CreativeWork\" ><div class='avia_textblock  av_inherit_color '  style='color:#ffffff; '  itemprop=\"text\" ><h1 class=\"p1\" style=\"text-align: center;\"><strong>UN SINISTRE ?<\/strong><\/h1>\n<\/div><\/section>\n<div  class='avia-button-wrap avia-button-center  avia-builder-el-51  el_after_av_textblock  el_before_av_hr ' ><a href='http:\/\/bcc-seguros.pt#contactme'  class='avia-button   avia-icon_select-no avia-color-light avia-size-x-large avia-position-center '   ><span class='avia_iconbox_title' >D\u00e9clarer un sinistre<\/span><\/a><\/div>\n<div  style='height:70px' class='hr hr-invisible   avia-builder-el-52  el_after_av_button  avia-builder-el-last '><span class='hr-inner ' ><span class='hr-inner-style'><\/span><\/span><\/div>\n\n","protected":false},"excerpt":{"rendered":"","protected":false},"author":2,"featured_media":0,"parent":0,"menu_order":0,"comment_status":"open","ping_status":"open","template":"","meta":{"_monsterinsights_skip_tracking":false,"_monsterinsights_sitenote_active":false,"_monsterinsights_sitenote_note":"","_monsterinsights_sitenote_category":0},"_links":{"self":[{"href":"https:\/\/bcc-seguros.pt\/index.php\/wp-json\/wp\/v2\/pages\/3634"}],"collection":[{"href":"https:\/\/bcc-seguros.pt\/index.php\/wp-json\/wp\/v2\/pages"}],"about":[{"href":"https:\/\/bcc-seguros.pt\/index.php\/wp-json\/wp\/v2\/types\/page"}],"author":[{"embeddable":true,"href":"https:\/\/bcc-seguros.pt\/index.php\/wp-json\/wp\/v2\/users\/2"}],"replies":[{"embeddable":true,"href":"https:\/\/bcc-seguros.pt\/index.php\/wp-json\/wp\/v2\/comments?post=3634"}],"version-history":[{"count":28,"href":"https:\/\/bcc-seguros.pt\/index.php\/wp-json\/wp\/v2\/pages\/3634\/revisions"}],"predecessor-version":[{"id":3911,"href":"https:\/\/bcc-seguros.pt\/index.php\/wp-json\/wp\/v2\/pages\/3634\/revisions\/3911"}],"wp:attachment":[{"href":"https:\/\/bcc-seguros.pt\/index.php\/wp-json\/wp\/v2\/media?parent=3634"}],"curies":[{"name":"wp","href":"https:\/\/api.w.org\/{rel}","templated":true}]}}