{"id":3597,"date":"2020-06-18T12:53:49","date_gmt":"2020-06-18T10:53:49","guid":{"rendered":"http:\/\/bcc-seguros.pt\/?page_id=3597"},"modified":"2020-07-08T17:17:15","modified_gmt":"2020-07-08T15:17:15","slug":"complementaire-sante-globe","status":"publish","type":"page","link":"https:\/\/bcc-seguros.pt\/index.php\/fr\/complementaire-sante-globe\/","title":{"rendered":"GLOBE"},"content":{"rendered":"<div id='full_slider_1'  class='avia-fullwidth-slider main_color avia-shadow   avia-builder-el-0  el_before_av_three_fifth  avia-builder-el-first   container_wrap fullsize' style=' '  ><div   data-size='featured'  data-lightbox_size='large'  data-animation='slide'  data-conditional_play=''  data-ids='3580'  data-video_counter='0'  data-autoplay='false'  data-bg_slider='false'  data-slide_height=''  data-handle='av_slideshow_full'  data-interval='5'  data-class=' '  data-el_id=''  data-css_id=''  data-scroll_down=''  data-control_layout='av-control-default'  data-custom_markup=''  data-perma_caption=''  data-autoplay_stopper=''  data-image_attachment=''  data-min_height='0px'  data-src=''  data-position='top left'  data-repeat='no-repeat'  data-attach='scroll'  data-stretch=''  data-default-height='28.666666666667'  class='avia-slideshow avia-slideshow-1  av-control-default av-default-height-applied avia-slideshow-featured av_slideshow_full   avia-slide-slider '  itemprop=\"image\" itemscope=\"itemscope\" itemtype=\"https:\/\/schema.org\/ImageObject\" ><ul class='avia-slideshow-inner ' style='padding-bottom: 28.666666666667%;' ><li  class=' av-single-slide slide-1 ' ><div data-rel='slideshow-1' class='avia-slide-wrap '   ><div class = \"caption_fullwidth av-slideshow-caption caption_right caption_right_framed caption_framed\"><div class = \"container caption_container\"><div class = \"slideshow_caption\"><div class = \"slideshow_inner_caption\"><div class = \"slideshow_align_caption\"><h2  class='avia-caption-title  '  itemprop=\"name\" >GLOBE SANT\u00c9 1er \u20ac<\/h2><\/div><\/div><\/div><\/div><\/div><img src='https:\/\/bcc-seguros.pt\/wp-content\/uploads\/2020\/06\/GLOBE1-1500x430.jpeg' width='1500' height='430' title='Portrait of a cheerful girl blowing soap bubbles' alt=''  itemprop=\"thumbnailUrl\"   \/><\/div><\/li><\/ul><\/div><\/div><div id='after_full_slider_1'  class='main_color av_default_container_wrap container_wrap fullsize' style=' '  ><div class='container' ><div class='template-page content  av-content-full alpha units'><div class='post-entry post-entry-type-page post-entry-3597'><div class='entry-content-wrapper clearfix'>\n<div class=\"flex_column av_three_fifth  flex_column_div first  avia-builder-el-1  el_after_av_slideshow_full  el_before_av_two_fifth  avia-builder-el-first  \" ><p><section class=\"av_textblock_section \"  itemscope=\"itemscope\" itemtype=\"https:\/\/schema.org\/CreativeWork\" ><div class='avia_textblock  '   itemprop=\"text\" ><p>Globe est la formule sant\u00e9 disponible pour tous les expatri\u00e9s du monde*. Modulable et tr\u00e8s simple, cette compl\u00e9mentaire sant\u00e9 internationale offre une couverture sant\u00e9 d\u00e8s le 1er \u20ac d\u00e9pens\u00e9. Vous ne pouvez pas \u00eatre mieux couvert.<\/p>\n<h3 style=\"text-align: left;\"><strong>\u00a0<\/strong><\/h3>\n<\/div><\/section><br \/>\n<section class=\"av_textblock_section \"  itemscope=\"itemscope\" itemtype=\"https:\/\/schema.org\/CreativeWork\" ><div class='avia_textblock  '   itemprop=\"text\" ><h3 style=\"text-align: left;\"><strong>Les Avantages :<\/strong><\/h3>\n<\/div><\/section><br \/>\n<section class=\"av_textblock_section \"  itemscope=\"itemscope\" itemtype=\"https:\/\/schema.org\/CreativeWork\" ><div class='avia_textblock  '   itemprop=\"text\" ><ul>\n<li>Prise en charge de l\u2019ensemble de vos frais de sant\u00e9<\/li>\n<li>Enti\u00e8rement modulable<\/li>\n<li>Sans franchise d\u00e8s le 1er \u20ac rembours\u00e9<\/li>\n<li>Aucun d\u00e9lai de carence<\/li>\n<\/ul>\n<\/div><\/section><\/p><\/div>\n<div class=\"flex_column av_two_fifth  flex_column_div av-zero-column-padding   avia-builder-el-5  el_after_av_three_fifth  el_before_av_section  avia-builder-el-last  \" style='border-radius:0px; '><div  class='avia-image-container  av-styling-    avia-builder-el-6  avia-builder-el-no-sibling  avia-align-center '  itemprop=\"image\" itemscope=\"itemscope\" itemtype=\"https:\/\/schema.org\/ImageObject\"  ><div class='avia-image-container-inner'><div class='avia-image-overlay-wrap'><img class='avia_image' src='https:\/\/bcc-seguros.pt\/wp-content\/uploads\/2020\/07\/AdobeStock_326692773-1030x687.jpeg' alt='' title='La belleza del mundo' height=\"687\" width=\"1030\"  itemprop=\"thumbnailUrl\"  \/><\/div><\/div><\/div><\/div>\n<\/div><\/div><\/div><!-- close content main div --><\/div><\/div><div id='av_section_1'  class='avia-section main_color avia-section-default avia-no-border-styling avia-bg-style-scroll  avia-builder-el-7  el_after_av_two_fifth  el_before_av_hr   container_wrap fullsize' style='background-color: #b02b2c;  '  ><div class='container' ><div class='template-page content  av-content-full alpha units'><div class='post-entry post-entry-type-page post-entry-3597'><div class='entry-content-wrapper clearfix'>\n<section class=\"av_textblock_section \"  itemscope=\"itemscope\" itemtype=\"https:\/\/schema.org\/CreativeWork\" ><div class='avia_textblock  av_inherit_color '  style='color:#ffffff; '  itemprop=\"text\" ><h3 style=\"text-align: center;\">Plus d&#8217;informations en cliquant sur les boutons ci-dessous<\/h3>\n<\/div><\/section>\n<div class=\"flex_column av_one_half  flex_column_div first  avia-builder-el-9  el_after_av_textblock  el_before_av_one_half  column-top-margin\" ><p><div  style='height:50px' class='hr hr-invisible   avia-builder-el-10  el_before_av_button  avia-builder-el-first '><span class='hr-inner ' ><span class='hr-inner-style'><\/span><\/span><\/div><br \/>\n<div  class='avia-button-wrap avia-button-center  avia-builder-el-11  el_after_av_hr  avia-builder-el-last ' ><a href='http:\/\/bcc-seguros.pt#contactme'  class='avia-button   avia-icon_select-no avia-color-light avia-size-x-large avia-position-center '   ><span class='avia_iconbox_title' >Demander un devis<\/span><\/a><\/div><\/p><\/div><div class=\"flex_column av_one_half  flex_column_div   avia-builder-el-12  el_after_av_one_half  avia-builder-el-last  column-top-margin\" ><p><div  style='height:50px' class='hr hr-invisible   avia-builder-el-13  el_before_av_button  avia-builder-el-first '><span class='hr-inner ' ><span class='hr-inner-style'><\/span><\/span><\/div><br \/>\n<div  class='avia-button-wrap avia-button-center  avia-builder-el-14  el_after_av_hr  avia-builder-el-last ' ><a href=''  class='avia-button   avia-icon_select-no avia-color-light avia-size-x-large avia-position-center '   ><span class='avia_iconbox_title' >T\u00e9l\u00e9charger la documentation<\/span><\/a><\/div><\/p><\/div><\/div><\/div><\/div><!-- close content main div --><\/div><\/div><div id='after_section_1'  class='main_color av_default_container_wrap container_wrap fullsize' style=' '  ><div class='container' ><div class='template-page content  av-content-full alpha units'><div class='post-entry post-entry-type-page post-entry-3597'><div class='entry-content-wrapper clearfix'><div   class='hr hr-default   avia-builder-el-15  el_after_av_section  avia-builder-el-no-sibling '><span class='hr-inner ' ><span class='hr-inner-style'><\/span><\/span><\/div><\/p>\n","protected":false},"excerpt":{"rendered":"","protected":false},"author":2,"featured_media":0,"parent":0,"menu_order":0,"comment_status":"open","ping_status":"open","template":"","meta":{"_monsterinsights_skip_tracking":false,"_monsterinsights_sitenote_active":false,"_monsterinsights_sitenote_note":"","_monsterinsights_sitenote_category":0},"_links":{"self":[{"href":"https:\/\/bcc-seguros.pt\/index.php\/wp-json\/wp\/v2\/pages\/3597"}],"collection":[{"href":"https:\/\/bcc-seguros.pt\/index.php\/wp-json\/wp\/v2\/pages"}],"about":[{"href":"https:\/\/bcc-seguros.pt\/index.php\/wp-json\/wp\/v2\/types\/page"}],"author":[{"embeddable":true,"href":"https:\/\/bcc-seguros.pt\/index.php\/wp-json\/wp\/v2\/users\/2"}],"replies":[{"embeddable":true,"href":"https:\/\/bcc-seguros.pt\/index.php\/wp-json\/wp\/v2\/comments?post=3597"}],"version-history":[{"count":26,"href":"https:\/\/bcc-seguros.pt\/index.php\/wp-json\/wp\/v2\/pages\/3597\/revisions"}],"predecessor-version":[{"id":3873,"href":"https:\/\/bcc-seguros.pt\/index.php\/wp-json\/wp\/v2\/pages\/3597\/revisions\/3873"}],"wp:attachment":[{"href":"https:\/\/bcc-seguros.pt\/index.php\/wp-json\/wp\/v2\/media?parent=3597"}],"curies":[{"name":"wp","href":"https:\/\/api.w.org\/{rel}","templated":true}]}}