{"id":3532,"date":"2020-05-29T23:43:09","date_gmt":"2020-05-29T21:43:09","guid":{"rendered":"http:\/\/bcc-seguros.pt\/?page_id=3532"},"modified":"2020-05-29T23:43:10","modified_gmt":"2020-05-29T21:43:10","slug":"casa","status":"publish","type":"page","link":"https:\/\/bcc-seguros.pt\/index.php\/casa\/","title":{"rendered":"Casa"},"content":{"rendered":"<div id='layer_slider_1'  class='avia-layerslider main_color avia-shadow  avia-builder-el-0  el_before_av_section  avia-builder-el-first  container_wrap fullsize' style='  height: 721px; max-width: 1280px; margin: 0 auto;' ><\/div>\n<div id='av_section_1'  class='avia-section alternate_color avia-section-huge avia-shadow avia-bg-style-scroll  avia-builder-el-1  el_after_av_layerslider  el_before_av_section   container_wrap fullsize' style='background-color: #3070a0;  '  ><div class='container' ><div class='template-page content  av-content-full alpha units'><div class='post-entry post-entry-type-page post-entry-3532'><div class='entry-content-wrapper clearfix'>\n<div class=\"flex_column av_one_full  flex_column_div first  avia-builder-el-2  el_before_av_one_third  avia-builder-el-first  \" ><section class=\"av_textblock_section \"  itemscope=\"itemscope\" itemtype=\"https:\/\/schema.org\/CreativeWork\" ><div class='avia_textblock  av_inherit_color '  style='color:#ffffff; '  itemprop=\"text\" ><h2 style=\"text-align: center;\">Quel choix pour ma mutuelle ?<\/h2>\n<\/div><\/section><br \/>\n<section class=\"av_textblock_section \"  itemscope=\"itemscope\" itemtype=\"https:\/\/schema.org\/CreativeWork\" ><div class='avia_textblock  av_inherit_color '  style='color:#ffffff; '  itemprop=\"text\" ><p style=\"text-align: center;\">Plusieurs options sont possibles pour vous garantir une protection adapt\u00e9e \u00e0 votre situation<\/p>\n<\/div><\/section><\/p><\/div><div class=\"flex_column av_one_third  flex_column_div first  avia-builder-el-5  el_after_av_one_full  el_before_av_one_third  column-top-margin\" style='background: #ffffff; border-width:20px; border-color:#ffffff; border-style:solid; padding:20; background-color:#ffffff; border-radius:10px; '><section class=\"av_textblock_section \"  itemscope=\"itemscope\" itemtype=\"https:\/\/schema.org\/CreativeWork\" ><div class='avia_textblock  '   itemprop=\"text\" ><h3 style=\"text-align: center;\"><strong>MUTUELLE<br \/>\nFRANCAISE<\/strong><\/h3>\n<p style=\"text-align: center;\">Protection en France avec extension possible au Portugal<\/p>\n<\/div><\/section><\/div><div class=\"flex_column av_one_third  flex_column_div   avia-builder-el-7  el_after_av_one_third  el_before_av_one_third  column-top-margin\" style='background: #ffffff; border-width:20px; border-color:#ffffff; border-style:solid; padding:20; background-color:#ffffff; border-radius:10px; '><section class=\"av_textblock_section \"  itemscope=\"itemscope\" itemtype=\"https:\/\/schema.org\/CreativeWork\" ><div class='avia_textblock  '   itemprop=\"text\" ><h3 style=\"text-align: center;\"><strong>MUTUELLE<br \/>\nPORTUGAISE<\/strong><\/h3>\n<p style=\"text-align: center;\">Protection au Portugal avec une extension possible en France<\/p>\n<\/div><\/section><\/div><div class=\"flex_column av_one_third  flex_column_div   avia-builder-el-9  el_after_av_one_third  el_before_av_hr  column-top-margin\" style='background: #ffffff; border-width:20px; border-color:#ffffff; border-style:solid; padding:20; background-color:#ffffff; border-radius:10px; '><section class=\"av_textblock_section \"  itemscope=\"itemscope\" itemtype=\"https:\/\/schema.org\/CreativeWork\" ><div class='avia_textblock  '   itemprop=\"text\" ><h3 style=\"text-align: center;\"><strong>MUTUELLE<br \/>\nMIXTE<\/strong><\/h3>\n<p style=\"text-align: center;\">Une protection identique en France et au Portugal<\/p>\n<\/div><\/section><\/div><div   class='hr hr-default   avia-builder-el-11  el_after_av_one_third  el_before_av_textblock '><span class='hr-inner ' ><span class='hr-inner-style'><\/span><\/span><\/div>\n<section class=\"av_textblock_section \"  itemscope=\"itemscope\" itemtype=\"https:\/\/schema.org\/CreativeWork\" ><div class='avia_textblock  av_inherit_color '  style='color:#ffffff; '  itemprop=\"text\" ><p style=\"text-align: center;\">D\u00e9couvrez quelle mutuelle correspond le mieux \u00e0 votre situation (RNH, travailleurs expatri\u00e9s, travailleurs portugais,\u2026)<\/p>\n<\/div><\/section>\n\n<\/div><\/div><\/div><!-- close content main div --><\/div><\/div><div id='av_section_2'  class='avia-section main_color avia-section-huge avia-no-shadow avia-bg-style-scroll  avia-builder-el-13  el_after_av_section  el_before_av_section   container_wrap fullsize' style=' '  ><div class='container' ><div class='template-page content  av-content-full alpha units'><div class='post-entry post-entry-type-page post-entry-3532'><div class='entry-content-wrapper clearfix'>\n<div class=\"flex_column av_one_half  flex_column_div first  avia-builder-el-14  el_before_av_one_half  avia-builder-el-first  \" ><div  class='avia-image-container  av-styling-   av-small-hide av-mini-hide  avia-builder-el-15  avia-builder-el-no-sibling  avia-align-left '  itemprop=\"image\" itemscope=\"itemscope\" itemtype=\"https:\/\/schema.org\/ImageObject\"  ><div class='avia-image-container-inner'><div class='avia-image-overlay-wrap'><img class='avia_image' src='https:\/\/bcc-seguros.pt\/wp-content\/uploads\/2019\/10\/shutterstock_65940934_femme_60-1030x687.jpg' alt='' title='shutterstock_65940934_femme_60' height=\"687\" width=\"1030\"  itemprop=\"thumbnailUrl\"  \/><\/div><\/div><\/div><\/div><div class=\"flex_column av_one_half  flex_column_div av-zero-column-padding   avia-builder-el-16  el_after_av_one_half  avia-builder-el-last  \" style='border-radius:0px; '><section class=\"av_textblock_section \"  itemscope=\"itemscope\" itemtype=\"https:\/\/schema.org\/CreativeWork\" ><div class='avia_textblock  '   itemprop=\"text\" ><h3>Parce qu\u2019il existe une solution pour chaque assur\u00e9, BCC vous propose une r\u00e9ponse sur mesure afin que votre sant\u00e9 soit parfaitement assur\u00e9e.<\/h3>\n<\/div><\/section><br \/>\n<section class=\"av_textblock_section \"  itemscope=\"itemscope\" itemtype=\"https:\/\/schema.org\/CreativeWork\" ><div class='avia_textblock  '   itemprop=\"text\" ><p>Venez nous rencontrer \u00e0 l\u2019agence d\u2019Albufeira pour \u00e9changer sur vos besoins et vos attentes. Vous pouvez aussi nous contacter par t\u00e9l\u00e9phone, par mail ou sur notre Facebook.<\/p>\n<\/div><\/section><br \/>\n<div   class='hr hr-short hr-left   avia-builder-el-19  el_after_av_textblock  el_before_av_button '><span class='hr-inner ' ><span class='hr-inner-style'><\/span><\/span><\/div><br \/>\n<div  class='avia-button-wrap avia-button-center  avia-builder-el-20  el_after_av_hr  avia-builder-el-last ' title=\"bold\"><a href='+351289591161' class='avia-button   avia-icon_select-yes-left-icon avia-color-custom avia-size-large avia-position-center ' target=\"_blank\" style='background-color:#3070a0; border-color:#3070a0; color:#ffffff; ' rel=\"noopener\"><span class='avia_button_icon avia_button_icon_left ' aria-hidden='true' data-av_icon='\ue854' data-av_iconfont='entypo-fontello'><\/span><span class='avia_iconbox_title' >Contacter nous : +351 289 591 161<\/span><\/a><\/div><\/p><\/div>\n\n<\/div><\/div><\/div><!-- close content main div --><\/div><\/div><div id='av_section_3'  class='avia-section alternate_color avia-section-huge avia-shadow avia-bg-style-scroll  avia-builder-el-21  el_after_av_section  el_before_av_section   container_wrap fullsize' style='background-color: #e2e2e2;  '  ><div class='container' ><div class='template-page content  av-content-full alpha units'><div class='post-entry post-entry-type-page post-entry-3532'><div class='entry-content-wrapper clearfix'>\n<div class=\"flex_column av_one_half  flex_column_div first  avia-builder-el-22  el_before_av_one_half  avia-builder-el-first  \" ><section class=\"av_textblock_section \"  itemscope=\"itemscope\" itemtype=\"https:\/\/schema.org\/CreativeWork\" ><div class='avia_textblock  '   itemprop=\"text\" ><h2 style=\"text-align: right;\">Qui sommes nous ?<\/h2>\n<\/div><\/section><br \/>\n<div   class='hr hr-short hr-right   avia-builder-el-24  el_after_av_textblock  el_before_av_textblock '><span class='hr-inner ' ><span class='hr-inner-style'><\/span><\/span><\/div><br \/>\n<section class=\"av_textblock_section \"  itemscope=\"itemscope\" itemtype=\"https:\/\/schema.org\/CreativeWork\" ><div class='avia_textblock  '   itemprop=\"text\" ><p style=\"text-align: right;\">BCC Seguros vous proposent des solution adapt\u00e9es \u00e0 chacune de vos demandes. Nous proposons diverses offres en mati\u00e8re de sant\u00e9, pr\u00e9voyance, retraite, \u00e9pargne, cr\u00e9dit, auto ou habitation.<\/p>\n<p style=\"text-align: right;\">Nous \u00e9tudions et comparons de nombreuses offres chez un grand nombre de nos partenaires afin de r\u00e9pondre parfaitement \u00e0 vos attentes.<\/p>\n<\/div><\/section><br \/>\n<div   class='hr hr-short hr-right   avia-builder-el-26  el_after_av_textblock  el_before_av_button '><span class='hr-inner ' ><span class='hr-inner-style'><\/span><\/span><\/div><br \/>\n<div  class='avia-button-wrap avia-button-right  avia-builder-el-27  el_after_av_hr  avia-builder-el-last ' ><a href=''  class='avia-button   avia-icon_select-yes-left-icon avia-color-theme-color-subtle avia-size-large avia-position-right '   ><span class='avia_button_icon avia_button_icon_left ' aria-hidden='true' data-av_icon='\ue80b' data-av_iconfont='entypo-fontello'><\/span><span class='avia_iconbox_title' >En savoir plus<\/span><\/a><\/div><\/p><\/div><div class=\"flex_column av_one_half  flex_column_div av-zero-column-padding   avia-builder-el-28  el_after_av_one_half  avia-builder-el-last  \" style='border-radius:0px; '><div  class='avia-icon-list-container   avia-builder-el-29  avia-builder-el-no-sibling '><ul class='avia-icon-list avia-icon-list-left av-iconlist-big avia_animate_when_almost_visible avia-iconlist-animate'>\n<li><div  style='background-color:#ff0008; ' class='iconlist_icon  avia-font-entypo-fontello'><span class='iconlist-char ' aria-hidden='true' data-av_icon='\ue806' data-av_iconfont='entypo-fontello'><\/span><\/div><article class=\"article-icon-entry \"  itemscope=\"itemscope\" itemtype=\"https:\/\/schema.org\/CreativeWork\" ><div class='iconlist_content_wrap'><header class=\"entry-content-header\"><h4 class='av_iconlist_title iconlist_title   '  itemprop=\"headline\"  >Sant\u00e9 et Pr\u00e9voyance<\/h4><\/header><div class='iconlist_content  '  itemprop=\"text\"  ><p>Avec l\u2019\u00e2ge, le <strong>recours aux m\u00e9decins sp\u00e9cialistes et les hospitalisations sont plus fr\u00e9quents<\/strong>. Vous avez aussi plus de risques de porter des <strong>lunettes<\/strong> ou d\u2019avoir besoin d\u2019un <strong>appareil auditif<\/strong>. Votre assurance sant\u00e9 est-elle toujours adapt\u00e9e \u00e0 vos besoins ?<\/p>\n<\/div><\/div><footer class=\"entry-footer\"><\/footer><\/article><div class='iconlist-timeline'><\/div><\/li>\n<li><div  style='background-color:#ff0008; ' class='iconlist_icon  avia-font-entypo-fontello'><span class='iconlist-char ' aria-hidden='true' data-av_icon='\ue8cf' data-av_iconfont='entypo-fontello'><\/span><\/div><article class=\"article-icon-entry \"  itemscope=\"itemscope\" itemtype=\"https:\/\/schema.org\/CreativeWork\" ><div class='iconlist_content_wrap'><header class=\"entry-content-header\"><h4 class='av_iconlist_title iconlist_title   '  itemprop=\"headline\"  >Epargne et cr\u00e9dit<\/h4><\/header><div class='iconlist_content  '  itemprop=\"text\"  ><p>Demandez <strong>conseil<\/strong> aupr\u00e8s de notre conseill\u00e8re.<\/p>\n<\/div><\/div><footer class=\"entry-footer\"><\/footer><\/article><div class='iconlist-timeline'><\/div><\/li>\n<li><div  style='background-color:#ff0008; ' class='iconlist_icon  avia-font-entypo-fontello'><span class='iconlist-char ' aria-hidden='true' data-av_icon='\ue8df' data-av_iconfont='entypo-fontello'><\/span><\/div><article class=\"article-icon-entry \"  itemscope=\"itemscope\" itemtype=\"https:\/\/schema.org\/CreativeWork\" ><div class='iconlist_content_wrap'><header class=\"entry-content-header\"><h4 class='av_iconlist_title iconlist_title   '  itemprop=\"headline\"  >Auto<\/h4><\/header><div class='iconlist_content  '  itemprop=\"text\"  ><p>Assurez votre v\u00e9hicule au <strong>meilleur prix<\/strong> et en toute <strong>transparence<\/strong>.<\/p>\n<\/div><\/div><footer class=\"entry-footer\"><\/footer><\/article><div class='iconlist-timeline'><\/div><\/li>\n<li><div  style='background-color:#ff0008; ' class='iconlist_icon  avia-font-entypo-fontello'><span class='iconlist-char ' aria-hidden='true' data-av_icon='\ue821' data-av_iconfont='entypo-fontello'><\/span><\/div><article class=\"article-icon-entry \"  itemscope=\"itemscope\" itemtype=\"https:\/\/schema.org\/CreativeWork\" ><div class='iconlist_content_wrap'><header class=\"entry-content-header\"><h4 class='av_iconlist_title iconlist_title   '  itemprop=\"headline\"  >Habitation<\/h4><\/header><div class='iconlist_content  '  itemprop=\"text\"  ><p>Propri\u00e9taire ou locataire au Portugal, habitation principale ou secondaire, nous proposons des <strong>solutions d&#8217;assurances habitations<\/strong> adapt\u00e9es \u00e0 vos besoins.<\/p>\n<\/div><\/div><footer class=\"entry-footer\"><\/footer><\/article><div class='iconlist-timeline'><\/div><\/li>\n<\/ul><\/div><\/div>\n\n<\/div><\/div><\/div><!-- close content main div --><\/div><\/div><div id='av_section_4'  class='avia-section main_color avia-section-huge avia-no-shadow avia-bg-style-scroll  avia-builder-el-30  el_after_av_section  el_before_av_section   container_wrap fullsize' style=' '  ><div class='container' ><div class='template-page content  av-content-full alpha units'><div class='post-entry post-entry-type-page post-entry-3532'><div class='entry-content-wrapper clearfix'>\n<div class=\"flex_column av_one_full  flex_column_div av-zero-column-padding first  avia-builder-el-31  avia-builder-el-no-sibling  \" style='border-radius:0px; '><section class=\"av_textblock_section \"  itemscope=\"itemscope\" itemtype=\"https:\/\/schema.org\/CreativeWork\" ><div class='avia_textblock  '   itemprop=\"text\" ><h2 style=\"text-align: center;\">Nos partenaires<\/h2>\n<\/div><\/section><br \/>\n<section class=\"av_textblock_section \"  itemscope=\"itemscope\" itemtype=\"https:\/\/schema.org\/CreativeWork\" ><div class='avia_textblock  '   itemprop=\"text\" ><p style=\"text-align: center;\">BBC Seguros travaille en collaboration avec de nombreux partenaires en assurances pour vous garantir la meilleure offre.<\/p>\n<\/div><\/section><br \/>\n<div   data-autoplay='false'  data-interval='3'  data-animation='slide'  class='avia-logo-element-container  avia-logo-grid avia-content-slider avia-smallarrow-slider avia-content-grid-active noHover avia-content-slider1 avia-content-slider-even  avia-builder-el-34  el_after_av_textblock  el_before_av_hr  ' ><div class='avia-smallarrow-slider-heading  no-logo-slider-heading '><div class='new-special-heading'>&nbsp;<\/div><\/div><div class='avia-content-slider-inner'><div class='slide-entry-wrap' ><div  class='slide-entry flex_column no_margin post-entry slide-entry-overview slide-loop-1 slide-parity-odd  av_one_sixth first real-thumbnail'><span class='av-partner-fake-img' style='padding-bottom:100%; background-image:url(https:\/\/bcc-seguros.pt\/wp-content\/uploads\/2019\/10\/AIG-300x300.jpg);'><\/span><\/div><div  class='slide-entry flex_column no_margin post-entry slide-entry-overview slide-loop-2 slide-parity-even  av_one_sixth  real-thumbnail'><span class='av-partner-fake-img' style='padding-bottom:100%; background-image:url(https:\/\/bcc-seguros.pt\/wp-content\/uploads\/2019\/10\/APICIL-300x300.jpg);'><\/span><\/div><div  class='slide-entry flex_column no_margin post-entry slide-entry-overview slide-loop-3 slide-parity-odd  av_one_sixth  real-thumbnail'><span class='av-partner-fake-img' style='padding-bottom:100%; background-image:url(https:\/\/bcc-seguros.pt\/wp-content\/uploads\/2019\/10\/AXA-300x300.png);'><\/span><\/div><div  class='slide-entry flex_column no_margin post-entry slide-entry-overview slide-loop-4 slide-parity-even  av_one_sixth  real-thumbnail'><span class='av-partner-fake-img' style='padding-bottom:100%; background-image:url(https:\/\/bcc-seguros.pt\/wp-content\/uploads\/2019\/10\/Caravela-300x300.png);'><\/span><\/div><div  class='slide-entry flex_column no_margin post-entry slide-entry-overview slide-loop-5 slide-parity-odd  av_one_sixth  real-thumbnail'><span class='av-partner-fake-img' style='padding-bottom:100%; background-image:url(https:\/\/bcc-seguros.pt\/wp-content\/uploads\/2019\/10\/GENERALI-300x300.jpg);'><\/span><\/div><div  class='slide-entry flex_column no_margin post-entry slide-entry-overview slide-loop-6 slide-parity-even  av_one_sixth  real-thumbnail'><span class='av-partner-fake-img' style='padding-bottom:100%; background-image:url(https:\/\/bcc-seguros.pt\/wp-content\/uploads\/2019\/10\/liberty-seguros-300x300.jpg);'><\/span><\/div><\/div><div class='slide-entry-wrap' ><div  class='slide-entry flex_column no_margin post-entry slide-entry-overview slide-loop-7 slide-parity-odd  av_one_sixth first real-thumbnail'><span class='av-partner-fake-img' style='padding-bottom:100%; background-image:url(https:\/\/bcc-seguros.pt\/wp-content\/uploads\/2019\/10\/MAPFRE-300x300.png);'><\/span><\/div><div  class='slide-entry flex_column no_margin post-entry slide-entry-overview slide-loop-8 slide-parity-even  av_one_sixth  real-thumbnail'><span class='av-partner-fake-img' style='padding-bottom:100%; background-image:url(https:\/\/bcc-seguros.pt\/wp-content\/uploads\/2019\/10\/MMC-300x300.jpg);'><\/span><\/div><div  class='slide-entry flex_column no_margin post-entry slide-entry-overview slide-loop-9 slide-parity-odd  av_one_sixth  real-thumbnail'><span class='av-partner-fake-img' style='padding-bottom:100%; background-image:url(https:\/\/bcc-seguros.pt\/wp-content\/uploads\/2019\/10\/REALSEGUROS-300x300.jpg);'><\/span><\/div><div  class='slide-entry flex_column no_margin post-entry slide-entry-overview slide-loop-10 slide-parity-even  av_one_sixth  real-thumbnail'><span class='av-partner-fake-img' style='padding-bottom:100%; background-image:url(https:\/\/bcc-seguros.pt\/wp-content\/uploads\/2019\/10\/Swiss_Life-300x300.png);'><\/span><\/div><div  class='slide-entry flex_column no_margin post-entry slide-entry-overview slide-loop-11 slide-parity-odd  av_one_sixth  real-thumbnail'><span class='av-partner-fake-img' style='padding-bottom:100%; background-image:url(https:\/\/bcc-seguros.pt\/wp-content\/uploads\/2019\/10\/Tranquilidade-300x300.png);'><\/span><\/div><div  class='slide-entry flex_column no_margin post-entry slide-entry-overview slide-loop-12 slide-parity-even  post-entry-last  av_one_sixth  real-thumbnail'><span class='av-partner-fake-img' style='padding-bottom:100%; background-image:url(https:\/\/bcc-seguros.pt\/wp-content\/uploads\/2019\/10\/VICTORIA-300x300.png);'><\/span><\/div><\/div><\/div><\/div><br \/>\n<div   class='hr hr-short hr-left   avia-builder-el-35  el_after_av_partner  avia-builder-el-last '><span class='hr-inner ' ><span class='hr-inner-style'><\/span><\/span><\/div><\/p><\/div>\n\n<\/div><\/div><\/div><!-- close content main div --><\/div><\/div><div id='contactme'  class='avia-section main_color avia-section-huge avia-no-shadow avia-bg-style-scroll  avia-builder-el-36  el_after_av_section  el_before_av_google_map   container_wrap fullsize' style='background-color: #3070a0;  '  ><div class='container' ><div class='template-page content  av-content-full alpha units'><div class='post-entry post-entry-type-page post-entry-3532'><div class='entry-content-wrapper clearfix'>\n<div class=\"flex_column av_one_half  flex_column_div av-zero-column-padding first  avia-builder-el-37  el_before_av_one_half  avia-builder-el-first  \" style='border-radius:0px; '><section class=\"av_textblock_section \"  itemscope=\"itemscope\" itemtype=\"https:\/\/schema.org\/CreativeWork\" ><div class='avia_textblock  av_inherit_color '  style='color:#ffffff; '  itemprop=\"text\" ><h2 style=\"text-align: left;\">Contact<\/h2>\n<\/div><\/section><br \/>\n<div   class='hr hr-short hr-left   avia-builder-el-39  el_after_av_textblock  el_before_av_textblock '><span class='hr-inner ' ><span class='hr-inner-style'><\/span><\/span><\/div><br \/>\n<section class=\"av_textblock_section \"  itemscope=\"itemscope\" itemtype=\"https:\/\/schema.org\/CreativeWork\" ><div class='avia_textblock  av_inherit_color '  style='color:#ffffff; '  itemprop=\"text\" ><p style=\"text-align: left;\"><strong>BBC Seguros<\/strong><\/p>\n<p>Avenida Liberdade,<br \/>\n136 &#8211; 8200-002 Albufeira<\/p>\n<p>T\u00e9l : <a href=\"tel:+351 289 591 161\">+351 289 591 161<\/a><\/p>\n<p>Mail : <a href=\"mailto:contact@bcc-seguros.pt\">contact@bcc-seguros.pt<\/a><\/p>\n<p><img decoding=\"async\" loading=\"lazy\" class=\"alignnone wp-image-3457 size-full\" src=\"http:\/\/bcc-seguros.pt\/wp-content\/uploads\/2019\/10\/FR-france_tn.jpg\" alt=\"\" width=\"50\" height=\"33\" \/> <img decoding=\"async\" loading=\"lazy\" class=\"alignnone wp-image-3458 size-full\" src=\"http:\/\/bcc-seguros.pt\/wp-content\/uploads\/2019\/10\/PT-portugal_tn.jpg\" alt=\"\" width=\"50\" height=\"33\" \/> <img decoding=\"async\" loading=\"lazy\" class=\"alignnone wp-image-3459 \" src=\"http:\/\/bcc-seguros.pt\/wp-content\/uploads\/2019\/10\/GB-royaume-unis_tn.jpg\" alt=\"\" width=\"64\" height=\"32\" \/><\/p>\n<\/div><\/section><\/p><\/div><div class=\"flex_column av_one_half  flex_column_div av-zero-column-padding   avia-builder-el-41  el_after_av_one_half  avia-builder-el-last  \" style='border-radius:0px; '><form action=\"https:\/\/bcc-seguros.pt\/index.php\/casa\/\" method=\"post\"  class=\"avia_ajax_form av-form-labels-visible   avia-builder-el-42  avia-builder-el-no-sibling  av-custom-form-color av-light-form \" data-avia-form-id=\"1\" data-avia-redirect='' ><h3 class=''>Envoyez-nous un mail<\/h3><fieldset><p class=' first_form  form_element form_fullwidth' id='element_avia_1_1'><label for=\"avia_1_1\">Nom <abbr class=\"required\" title=\"requis\">*<\/abbr><\/label> <input name=\"avia_1_1\" class=\"text_input is_empty\" type=\"text\" id=\"avia_1_1\" value=\"\" \/><\/p><p class=' first_form  form_element form_fullwidth' id='element_avia_2_1'><label for=\"avia_2_1\">Adresse mail <abbr class=\"required\" title=\"requis\">*<\/abbr><\/label> <input name=\"avia_2_1\" class=\"text_input is_email\" type=\"text\" id=\"avia_2_1\" value=\"\" \/><\/p><p class=' first_form  form_element form_fullwidth av-last-visible-form-element' id='element_avia_3_1'>\t <label for=\"avia_3_1\" class=\"textare_label hidden textare_label_avia_3_1\">Message <abbr class=\"required\" title=\"requis\">*<\/abbr><\/label>\t <textarea  name=\"avia_3_1\" class=\"text_area is_empty\" cols=\"40\" rows=\"7\" id=\"avia_3_1\" ><\/textarea><\/p><p class=\"hidden\"><input type=\"text\" name=\"avia_4_1\" class=\"hidden \" id=\"avia_4_1\" value=\"\" \/><\/p><p class=\"form_element \"><input type=\"hidden\" value=\"1\" name=\"avia_generated_form1\" \/><input type=\"submit\" value=\"Valider\" class=\"button\"  data-sending-label=\"Envoi\"\/><\/p><\/fieldset><div class=\"avia-disabled-forn\">This contact form is deactivated because you refused to accept Google reCaptcha service which is necessary to validate any messages sent by the form.<\/div><\/form><div id=\"ajaxresponse_1\" class=\"ajaxresponse ajaxresponse_1 hidden\"><\/div><\/div>\n\n<div  class='av_gmaps_sc_main_wrap av_gmaps_main_wrap '><div id='av_gmap_0' class='avia-google-map-container avia-google-map-sc av_gmaps_show_unconditionally ' data-mapid='av_gmap_0'  style='height: 400px; background-image:url(http:\/\/bcc-seguros.pt\/wp-content\/uploads\/2019\/10\/carte-1030x249.png);'><a class=\"av_gmaps_browser_disabled av_text_confirm_link av_text_confirm_link_visible\" href=\"https:\/\/www.google.com\/maps\/search\/?api=1&#038;query=Av.%20da%20Liberdade%20136%208200-002%20Albufeira%20%20Portugal\" target=\"_blank\" rel=\"noopener\">Maps were disabled by the visitor on this site. Click to open the map in a new window.<\/a><\/div><\/div>\n","protected":false},"excerpt":{"rendered":"<p>This is a Page excerpt. It will be displayed for search results<\/p>\n","protected":false},"author":2,"featured_media":0,"parent":0,"menu_order":0,"comment_status":"open","ping_status":"open","template":"","meta":{"_monsterinsights_skip_tracking":false,"_monsterinsights_sitenote_active":false,"_monsterinsights_sitenote_note":"","_monsterinsights_sitenote_category":0},"_links":{"self":[{"href":"https:\/\/bcc-seguros.pt\/index.php\/wp-json\/wp\/v2\/pages\/3532"}],"collection":[{"href":"https:\/\/bcc-seguros.pt\/index.php\/wp-json\/wp\/v2\/pages"}],"about":[{"href":"https:\/\/bcc-seguros.pt\/index.php\/wp-json\/wp\/v2\/types\/page"}],"author":[{"embeddable":true,"href":"https:\/\/bcc-seguros.pt\/index.php\/wp-json\/wp\/v2\/users\/2"}],"replies":[{"embeddable":true,"href":"https:\/\/bcc-seguros.pt\/index.php\/wp-json\/wp\/v2\/comments?post=3532"}],"version-history":[{"count":1,"href":"https:\/\/bcc-seguros.pt\/index.php\/wp-json\/wp\/v2\/pages\/3532\/revisions"}],"predecessor-version":[{"id":3533,"href":"https:\/\/bcc-seguros.pt\/index.php\/wp-json\/wp\/v2\/pages\/3532\/revisions\/3533"}],"wp:attachment":[{"href":"https:\/\/bcc-seguros.pt\/index.php\/wp-json\/wp\/v2\/media?parent=3532"}],"curies":[{"name":"wp","href":"https:\/\/api.w.org\/{rel}","templated":true}]}}