{"id":1336,"date":"2013-04-07T21:13:52","date_gmt":"2013-04-07T21:13:52","guid":{"rendered":"http:\/\/www.kriesi.at\/themes\/enfold\/?page_id=1336"},"modified":"2020-05-30T00:22:39","modified_gmt":"2020-05-29T22:22:39","slug":"blog-grid","status":"publish","type":"page","link":"https:\/\/bcc-seguros.pt\/index.php\/blog\/blog-grid\/","title":{"rendered":"Blog Grid"},"content":{"rendered":"<div   data-autoplay=''  data-interval='5'  data-animation='fade'  data-show_slide_delay='90'  class='avia-content-slider avia-content-grid-active avia-content-slider1 avia-content-slider-odd  avia-builder-el-0  avia-builder-el-no-sibling  '  itemscope=\"itemscope\" itemtype=\"https:\/\/schema.org\/Blog\" ><div class='avia-content-slider-inner'><div class='slide-entry-wrap'><article class='slide-entry flex_column  post-entry post-entry-3551 slide-entry-overview slide-loop-1 slide-parity-odd  post-entry-last  av_one_third first real-thumbnail'  itemscope=\"itemscope\" itemtype=\"https:\/\/schema.org\/BlogPosting\" itemprop=\"blogPost\" ><a href='https:\/\/bcc-seguros.pt\/index.php\/fr\/2020\/05\/30\/complementaire-sante-one\/' data-rel='slide-1' class='slide-image' title=''><img width=\"495\" height=\"400\" src=\"https:\/\/bcc-seguros.pt\/wp-content\/uploads\/2020\/05\/94951901_235484214530320_8237499454115020800_o-495x400.png\" class=\"attachment-portfolio size-portfolio wp-post-image\" alt=\"header-one\" decoding=\"async\" loading=\"lazy\" \/><\/a><div class='slide-content'><header class=\"entry-content-header\"><span class=\"blog-categories minor-meta\"><a href=\"https:\/\/bcc-seguros.pt\/index.php\/fr\/category\/assurance-sante\/\" rel=\"tag\">Assurance sant\u00e9<\/a>, <a href=\"https:\/\/bcc-seguros.pt\/index.php\/fr\/category\/nouveaute\/\" rel=\"tag\">Nouveaut\u00e9<\/a> <\/span><h3 class='slide-entry-title entry-title '  itemprop=\"headline\" ><a href='https:\/\/bcc-seguros.pt\/index.php\/fr\/2020\/05\/30\/complementaire-sante-one\/' title='Compl\u00e9mentaire sant\u00e9 ONE'>Compl\u00e9mentaire sant\u00e9 ONE<\/a><\/h3><span class=\"av-vertical-delimiter\"><\/span><\/header><div class='slide-entry-excerpt entry-content'  itemprop=\"text\" >\n\n\n\n\nNous savons que vous l\u2019attendez et nous sommes maintenant pr\u00eat \u00e0 vous proposer notre nouvelle compl\u00e9mentaire sant\u00e9 ONE avec couverture compl\u00e8te en France et Portugal. \n\n\n\n- Une seule protection sant\u00e9 pour \u00eatre couvert dans les\u2026<\/div><\/div><footer class=\"entry-footer\"><div class='slide-meta'><time class='slide-meta-time updated'  itemprop=\"datePublished\" datetime=\"2020-05-30T00:09:20+02:00\" >30 mai 2020<\/time><\/div><\/footer><span class='hidden'>\n\t\t\t<span class='av-structured-data'  itemprop=\"image\" itemscope=\"itemscope\" itemtype=\"https:\/\/schema.org\/ImageObject\"  itemprop='image'>\n\t\t\t\t\t   <span itemprop='url' >https:\/\/bcc-seguros.pt\/wp-content\/uploads\/2020\/05\/94951901_235484214530320_8237499454115020800_o.png<\/span>\n\t\t\t\t\t   <span itemprop='height' >606<\/span>\n\t\t\t\t\t   <span itemprop='width' >1513<\/span>\n\t\t\t\t  <\/span><span class='av-structured-data'  itemprop=\"publisher\" itemtype=\"https:\/\/schema.org\/Organization\" itemscope=\"itemscope\" >\n\t\t\t\t<span itemprop='name'>BCC<\/span>\n\t\t\t\t<span itemprop='logo' itemscope itemtype='https:\/\/schema.org\/ImageObject'>\n\t\t\t\t   <span itemprop='url'>http:\/\/bcc-seguros.pt\/wp-content\/uploads\/2019\/10\/Logo_BCCPT-300x98-1-300x98.png<\/span>\n\t\t\t\t <\/span>\n\t\t\t  <\/span><span class='av-structured-data'  itemprop=\"author\" itemscope=\"itemscope\" itemtype=\"https:\/\/schema.org\/Person\" ><span itemprop='name'>BCC<\/span><\/span><span class='av-structured-data'  itemprop=\"datePublished\" datetime=\"2020-05-30T00:09:20+02:00\" >2020-05-30 00:09:20<\/span><span class='av-structured-data'  itemprop=\"dateModified\" itemtype=\"https:\/\/schema.org\/dateModified\" >2021-10-08 13:23:23<\/span><span class='av-structured-data'  itemprop=\"mainEntityOfPage\" itemtype=\"https:\/\/schema.org\/mainEntityOfPage\" ><span itemprop='name'>Compl\u00e9mentaire sant\u00e9 ONE<\/span><\/span><\/span><\/article><\/div><\/div><\/div>\n","protected":false},"excerpt":{"rendered":"","protected":false},"author":2,"featured_media":0,"parent":731,"menu_order":0,"comment_status":"open","ping_status":"open","template":"","meta":{"_monsterinsights_skip_tracking":false,"_monsterinsights_sitenote_active":false,"_monsterinsights_sitenote_note":"","_monsterinsights_sitenote_category":0},"_links":{"self":[{"href":"https:\/\/bcc-seguros.pt\/index.php\/wp-json\/wp\/v2\/pages\/1336"}],"collection":[{"href":"https:\/\/bcc-seguros.pt\/index.php\/wp-json\/wp\/v2\/pages"}],"about":[{"href":"https:\/\/bcc-seguros.pt\/index.php\/wp-json\/wp\/v2\/types\/page"}],"author":[{"embeddable":true,"href":"https:\/\/bcc-seguros.pt\/index.php\/wp-json\/wp\/v2\/users\/2"}],"replies":[{"embeddable":true,"href":"https:\/\/bcc-seguros.pt\/index.php\/wp-json\/wp\/v2\/comments?post=1336"}],"version-history":[{"count":1,"href":"https:\/\/bcc-seguros.pt\/index.php\/wp-json\/wp\/v2\/pages\/1336\/revisions"}],"predecessor-version":[{"id":3504,"href":"https:\/\/bcc-seguros.pt\/index.php\/wp-json\/wp\/v2\/pages\/1336\/revisions\/3504"}],"up":[{"embeddable":true,"href":"https:\/\/bcc-seguros.pt\/index.php\/wp-json\/wp\/v2\/pages\/731"}],"wp:attachment":[{"href":"https:\/\/bcc-seguros.pt\/index.php\/wp-json\/wp\/v2\/media?parent=1336"}],"curies":[{"name":"wp","href":"https:\/\/api.w.org\/{rel}","templated":true}]}}